{"id":68,"date":"2018-01-11T08:57:20","date_gmt":"2018-01-11T07:57:20","guid":{"rendered":"https:\/\/www.centromevis.cat\/?page_id=68"},"modified":"2026-05-09T18:37:33","modified_gmt":"2026-05-09T16:37:33","slug":"reserva-hora","status":"publish","type":"page","link":"https:\/\/www.centromevis.cat\/es\/reserva-hora\/","title":{"rendered":"Reserva hora"},"content":{"rendered":"\t\t<div data-elementor-type=\"wp-page\" data-elementor-id=\"68\" class=\"elementor elementor-68\" data-elementor-post-type=\"page\">\n\t\t\t\t\t\t<section class=\"elementor-section elementor-top-section elementor-element elementor-element-653ed783 elementor-section-full_width elementor-section-height-default elementor-section-height-default\" data-id=\"653ed783\" data-element_type=\"section\" data-e-type=\"section\">\n\t\t\t\t\t\t<div class=\"elementor-container elementor-column-gap-no\">\n\t\t\t\t\t<div class=\"elementor-column elementor-col-100 elementor-top-column elementor-element elementor-element-2391929d\" data-id=\"2391929d\" data-element_type=\"column\" data-e-type=\"column\">\n\t\t\t<div class=\"elementor-widget-wrap elementor-element-populated\">\n\t\t\t\t\t\t<div class=\"elementor-element elementor-element-14ba7f9 elementor-widget elementor-widget-text-editor\" data-id=\"14ba7f9\" data-element_type=\"widget\" data-e-type=\"widget\" data-widget_type=\"text-editor.default\">\n\t\t\t\t<div class=\"elementor-widget-container\">\n\t\t\t\t\t\t\t\t\t<p>Si vols reservar hora per a qualsevol dels nostres serveis, pots fer-ho f\u00e0cilment<\/p>\t\t\t\t\t\t\t\t<\/div>\n\t\t\t\t<\/div>\n\t\t\t\t\t<\/div>\n\t\t<\/div>\n\t\t\t\t\t<\/div>\n\t\t<\/section>\n\t\t\t\t<section class=\"elementor-section elementor-top-section elementor-element elementor-element-e3d557c elementor-section-full_width elementor-section-height-default elementor-section-height-default\" data-id=\"e3d557c\" data-element_type=\"section\" data-e-type=\"section\">\n\t\t\t\t\t\t<div class=\"elementor-container elementor-column-gap-no\">\n\t\t\t\t\t<div class=\"elementor-column elementor-col-100 elementor-top-column elementor-element elementor-element-913d505\" data-id=\"913d505\" data-element_type=\"column\" data-e-type=\"column\">\n\t\t\t<div class=\"elementor-widget-wrap elementor-element-populated\">\n\t\t\t\t\t\t<div class=\"elementor-element elementor-element-fde63f7 elementor-widget elementor-widget-heading\" data-id=\"fde63f7\" data-element_type=\"widget\" data-e-type=\"widget\" data-widget_type=\"heading.default\">\n\t\t\t\t<div class=\"elementor-widget-container\">\n\t\t\t\t\t<h4 class=\"elementor-heading-title elementor-size-default\">Truca'ns<\/h4>\t\t\t\t<\/div>\n\t\t\t\t<\/div>\n\t\t\t\t<div class=\"elementor-element elementor-element-90a073a premium-type-row elementor-widget elementor-widget-premium-icon-list\" data-id=\"90a073a\" data-element_type=\"widget\" data-e-type=\"widget\" data-settings=\"{&quot;premium_icon_list_animation&quot;:&quot;fadeIn&quot;,&quot;rbadges_repeater&quot;:[],&quot;premium_icon_list_animation_delay&quot;:0}\" data-widget_type=\"premium-icon-list.default\">\n\t\t\t\t<div class=\"elementor-widget-container\">\n\t\t\t\t\t\t\t\t<ul class=\"premium-bullet-list-box\" data-list-animation=\"fadeIn animated-slow\">\n\t\t\t\t\n\t\t\t\t\t\t\t<li class=\"premium-bullet-list-content elementor-repeater-item-feda912 premium-bullet-list-content-grow-effect\" data-delay=\"0\">\n\t\t\t\t\t\t\t\t<div class=\"premium-bullet-list-text\">\n\t\t\t\t\t\t\t\t\t\t\t\t\t\t\t\t\t\t\t<div class=\"premium-bullet-list-wrapper\">\n\t\t\t\t\t\t\t\t\t\t\t<div class=\"premium-drawable-icon\"><i class=\"premium-svg-nodraw fas fa-phone-alt\" aria-hidden=\"true\"><\/i><\/div>\t\t\t\t\t\t\t\t\t\t\t<\/div>\n\t\t\t\t\t\t\t\t\t\n\t\t\t\t\t\t\t\t\t<div class=\"premium-bullet-list-text-wrapper\">\n\t\t\t\t\t\t\t\t\t\t<span class=\"premium-bullet-text\" data-text=\"872 212 547\"> 872 212 547 <\/span>\t\t\t\t\t\t\t\t\t\t\t\t\t\t\t\t\t\t\t<\/div>\n\t\t\t\t\t\t\t\t<\/div>\n\n\t\t\t\t\t\t\t\t\n\t\t\t\t\t\t\t\t\t\t\t\t\t\t\t\t\t<a class=\"premium-bullet-list-link\" aria-label=\"872 212 547\" href=\"tel:872212547\">\n\t\t\t\t\t\t\t\t\t\t<span>872 212 547<\/span>\n\t\t\t\t\t\t\t\t\t<\/a>\n\t\t\t\t\t\t\t\t\n\t\t\t\t\t\t\t<\/li>\n\n\t\t\t\t\t\t\t\n\t\t\t\t\t\t\t<li class=\"premium-bullet-list-content elementor-repeater-item-c622fdb premium-bullet-list-content-grow-effect\" data-delay=\"0\">\n\t\t\t\t\t\t\t\t<div class=\"premium-bullet-list-text\">\n\t\t\t\t\t\t\t\t\t\t\t\t\t\t\t\t\t\t\t<div class=\"premium-bullet-list-wrapper\">\n\t\t\t\t\t\t\t\t\t\t\t<div class=\"premium-drawable-icon\"><i class=\"premium-svg-nodraw fas fa-mobile-alt\" aria-hidden=\"true\"><\/i><\/div>\t\t\t\t\t\t\t\t\t\t\t<\/div>\n\t\t\t\t\t\t\t\t\t\n\t\t\t\t\t\t\t\t\t<div class=\"premium-bullet-list-text-wrapper\">\n\t\t\t\t\t\t\t\t\t\t<span class=\"premium-bullet-text\" data-text=\"615 229 068\"> 615 229 068 <\/span>\t\t\t\t\t\t\t\t\t\t\t\t\t\t\t\t\t\t\t<\/div>\n\t\t\t\t\t\t\t\t<\/div>\n\n\t\t\t\t\t\t\t\t\n\t\t\t\t\t\t\t\t\t\t\t\t\t\t\t\t\t<a class=\"premium-bullet-list-link\" aria-label=\"615 229 068\" href=\"tel:615229068\">\n\t\t\t\t\t\t\t\t\t\t<span>615 229 068<\/span>\n\t\t\t\t\t\t\t\t\t<\/a>\n\t\t\t\t\t\t\t\t\n\t\t\t\t\t\t\t<\/li>\n\n\t\t\t\t\t\t\t\t\t\t<\/ul>\n\t\t\t\t\t\t<\/div>\n\t\t\t\t<\/div>\n\t\t\t\t\t<\/div>\n\t\t<\/div>\n\t\t\t\t\t<\/div>\n\t\t<\/section>\n\t\t\t\t<section class=\"elementor-section elementor-top-section elementor-element elementor-element-36d09ed elementor-section-full_width elementor-section-height-default elementor-section-height-default\" data-id=\"36d09ed\" data-element_type=\"section\" data-e-type=\"section\">\n\t\t\t\t\t\t<div class=\"elementor-container elementor-column-gap-no\">\n\t\t\t\t\t<div class=\"elementor-column elementor-col-100 elementor-top-column elementor-element elementor-element-f35d8fc\" data-id=\"f35d8fc\" data-element_type=\"column\" data-e-type=\"column\">\n\t\t\t<div class=\"elementor-widget-wrap elementor-element-populated\">\n\t\t\t\t\t\t<div class=\"elementor-element elementor-element-e0905ff elementor-widget elementor-widget-heading\" data-id=\"e0905ff\" data-element_type=\"widget\" data-e-type=\"widget\" data-widget_type=\"heading.default\">\n\t\t\t\t<div class=\"elementor-widget-container\">\n\t\t\t\t\t<h4 class=\"elementor-heading-title elementor-size-default\">Envia'ns un correu electr\u00f2nic<\/h4>\t\t\t\t<\/div>\n\t\t\t\t<\/div>\n\t\t\t\t<div class=\"elementor-element elementor-element-67190e0 premium-type-row elementor-widget elementor-widget-premium-icon-list\" data-id=\"67190e0\" data-element_type=\"widget\" data-e-type=\"widget\" data-settings=\"{&quot;premium_icon_list_animation&quot;:&quot;fadeIn&quot;,&quot;rbadges_repeater&quot;:[],&quot;premium_icon_list_animation_delay&quot;:0}\" data-widget_type=\"premium-icon-list.default\">\n\t\t\t\t<div class=\"elementor-widget-container\">\n\t\t\t\t\t\t\t\t<ul class=\"premium-bullet-list-box\" data-list-animation=\"fadeIn animated-slow\">\n\t\t\t\t\n\t\t\t\t\t\t\t<li class=\"premium-bullet-list-content elementor-repeater-item-feda912 premium-bullet-list-content-grow-effect\" data-delay=\"0\">\n\t\t\t\t\t\t\t\t<div class=\"premium-bullet-list-text\">\n\t\t\t\t\t\t\t\t\t\t\t\t\t\t\t\t\t\t\t<div class=\"premium-bullet-list-wrapper\">\n\t\t\t\t\t\t\t\t\t\t\t<div class=\"premium-drawable-icon\"><i class=\"premium-svg-nodraw fas fa-envelope\" aria-hidden=\"true\"><\/i><\/div>\t\t\t\t\t\t\t\t\t\t\t<\/div>\n\t\t\t\t\t\t\t\t\t\n\t\t\t\t\t\t\t\t\t<div class=\"premium-bullet-list-text-wrapper\">\n\t\t\t\t\t\t\t\t\t\t<span class=\"premium-bullet-text\" data-text=\"info@centromevis.cat\"> info@centromevis.cat <\/span>\t\t\t\t\t\t\t\t\t\t\t\t\t\t\t\t\t\t\t<\/div>\n\t\t\t\t\t\t\t\t<\/div>\n\n\t\t\t\t\t\t\t\t\n\t\t\t\t\t\t\t\t\t\t\t\t\t\t\t\t\t<a class=\"premium-bullet-list-link\" aria-label=\"info@centromevis.cat\" href=\"mailto:info@centromevis.cat\">\n\t\t\t\t\t\t\t\t\t\t<span>info@centromevis.cat<\/span>\n\t\t\t\t\t\t\t\t\t<\/a>\n\t\t\t\t\t\t\t\t\n\t\t\t\t\t\t\t<\/li>\n\n\t\t\t\t\t\t\t\t\t\t<\/ul>\n\t\t\t\t\t\t<\/div>\n\t\t\t\t<\/div>\n\t\t\t\t\t<\/div>\n\t\t<\/div>\n\t\t\t\t\t<\/div>\n\t\t<\/section>\n\t\t\t\t<section class=\"elementor-section elementor-top-section elementor-element elementor-element-b8bbf66 elementor-section-full_width elementor-section-height-default elementor-section-height-default\" data-id=\"b8bbf66\" data-element_type=\"section\" data-e-type=\"section\">\n\t\t\t\t\t\t<div class=\"elementor-container elementor-column-gap-no\">\n\t\t\t\t\t<div class=\"elementor-column elementor-col-100 elementor-top-column elementor-element elementor-element-7c002f2\" data-id=\"7c002f2\" data-element_type=\"column\" data-e-type=\"column\">\n\t\t\t<div class=\"elementor-widget-wrap elementor-element-populated\">\n\t\t\t\t\t\t<div class=\"elementor-element elementor-element-96524a5 elementor-widget elementor-widget-heading\" data-id=\"96524a5\" data-element_type=\"widget\" data-e-type=\"widget\" data-widget_type=\"heading.default\">\n\t\t\t\t<div class=\"elementor-widget-container\">\n\t\t\t\t\t<h4 class=\"elementor-heading-title elementor-size-default\">Omple en seg\u00fcent formulari. Et respondrem confirmant dia i hora de la teva reserva<\/h4>\t\t\t\t<\/div>\n\t\t\t\t<\/div>\n\t\t\t\t<div class=\"elementor-element elementor-element-736ef4a elementor-button-align-start elementor-widget elementor-widget-form\" data-id=\"736ef4a\" data-element_type=\"widget\" data-e-type=\"widget\" data-settings=\"{&quot;step_next_label&quot;:&quot;Next&quot;,&quot;step_previous_label&quot;:&quot;Previous&quot;,&quot;button_width&quot;:&quot;100&quot;,&quot;step_type&quot;:&quot;number_text&quot;,&quot;step_icon_shape&quot;:&quot;circle&quot;}\" data-widget_type=\"form.default\">\n\t\t\t\t<div class=\"elementor-widget-container\">\n\t\t\t\t\t\t\t<form class=\"elementor-form\" method=\"post\" id=\"reserva\" name=\"Newsletter\" aria-label=\"Newsletter\">\n\t\t\t<input type=\"hidden\" name=\"post_id\" value=\"68\"\/>\n\t\t\t<input type=\"hidden\" name=\"form_id\" value=\"736ef4a\"\/>\n\t\t\t<input type=\"hidden\" name=\"referer_title\" value=\"Reserva hora - Centro Mevis\" \/>\n\n\t\t\t\t\t\t\t<input type=\"hidden\" name=\"queried_id\" value=\"68\"\/>\n\t\t\t\n\t\t\t<div class=\"elementor-form-fields-wrapper elementor-labels-\">\n\t\t\t\t\t\t\t\t<div class=\"elementor-field-type-text elementor-field-group elementor-column elementor-field-group-name elementor-col-50 elementor-field-required\">\n\t\t\t\t\t\t\t\t\t\t\t\t<label for=\"form-field-name\" class=\"elementor-field-label elementor-screen-only\">\n\t\t\t\t\t\t\t\tNom\t\t\t\t\t\t\t<\/label>\n\t\t\t\t\t\t\t\t\t\t\t\t\t\t<input size=\"1\" type=\"text\" name=\"form_fields[name]\" id=\"form-field-name\" class=\"elementor-field elementor-size-md  elementor-field-textual\" placeholder=\"Nom\" required=\"required\">\n\t\t\t\t\t\t\t\t\t\t\t<\/div>\n\t\t\t\t\t\t\t\t<div class=\"elementor-field-type-email elementor-field-group elementor-column elementor-field-group-email elementor-col-50 elementor-field-required\">\n\t\t\t\t\t\t\t\t\t\t\t\t<label for=\"form-field-email\" class=\"elementor-field-label elementor-screen-only\">\n\t\t\t\t\t\t\t\tCorreu electr\u00f2nic\t\t\t\t\t\t\t<\/label>\n\t\t\t\t\t\t\t\t\t\t\t\t\t\t<input size=\"1\" type=\"email\" name=\"form_fields[email]\" id=\"form-field-email\" class=\"elementor-field elementor-size-md  elementor-field-textual\" placeholder=\"Correu electr\u00f2nic\" required=\"required\">\n\t\t\t\t\t\t\t\t\t\t\t<\/div>\n\t\t\t\t\t\t\t\t<div class=\"elementor-field-type-text elementor-field-group elementor-column elementor-field-group-servei elementor-col-100 elementor-field-required\">\n\t\t\t\t\t\t\t\t\t\t\t\t<label for=\"form-field-servei\" class=\"elementor-field-label elementor-screen-only\">\n\t\t\t\t\t\t\t\tServei\t\t\t\t\t\t\t<\/label>\n\t\t\t\t\t\t\t\t\t\t\t\t\t\t<input size=\"1\" type=\"text\" name=\"form_fields[servei]\" id=\"form-field-servei\" class=\"elementor-field elementor-size-md  elementor-field-textual\" placeholder=\"Servei\" required=\"required\">\n\t\t\t\t\t\t\t\t\t\t\t<\/div>\n\t\t\t\t\t\t\t\t<div class=\"elementor-field-type-text elementor-field-group elementor-column elementor-field-group-dia elementor-col-50 elementor-field-required\">\n\t\t\t\t\t\t\t\t\t\t\t\t<label for=\"form-field-dia\" class=\"elementor-field-label elementor-screen-only\">\n\t\t\t\t\t\t\t\tD\u00edes disponibles\t\t\t\t\t\t\t<\/label>\n\t\t\t\t\t\t\t\t\t\t\t\t\t\t<input size=\"1\" type=\"text\" name=\"form_fields[dia]\" id=\"form-field-dia\" class=\"elementor-field elementor-size-md  elementor-field-textual\" placeholder=\"D\u00edes disponibles\" required=\"required\">\n\t\t\t\t\t\t\t\t\t\t\t<\/div>\n\t\t\t\t\t\t\t\t<div class=\"elementor-field-type-text elementor-field-group elementor-column elementor-field-group-hora elementor-col-50 elementor-field-required\">\n\t\t\t\t\t\t\t\t\t\t\t\t<label for=\"form-field-hora\" class=\"elementor-field-label elementor-screen-only\">\n\t\t\t\t\t\t\t\tFranja hor\u00e0ria disponible\t\t\t\t\t\t\t<\/label>\n\t\t\t\t\t\t\t\t\t\t\t\t\t\t<input size=\"1\" type=\"text\" name=\"form_fields[hora]\" id=\"form-field-hora\" class=\"elementor-field elementor-size-md  elementor-field-textual\" placeholder=\"Franja hor\u00e0ria disponible\" required=\"required\">\n\t\t\t\t\t\t\t\t\t\t\t<\/div>\n\t\t\t\t\t\t\t\t<div class=\"elementor-field-type-textarea elementor-field-group elementor-column elementor-field-group-comentari elementor-col-100\">\n\t\t\t\t\t\t\t\t\t\t\t\t<label for=\"form-field-comentari\" class=\"elementor-field-label elementor-screen-only\">\n\t\t\t\t\t\t\t\tComentari\t\t\t\t\t\t\t<\/label>\n\t\t\t\t\t\t<textarea class=\"elementor-field-textual elementor-field  elementor-size-md\" name=\"form_fields[comentari]\" id=\"form-field-comentari\" rows=\"3\" placeholder=\"Comentari\"><\/textarea>\t\t\t\t<\/div>\n\t\t\t\t\t\t\t\t<div class=\"elementor-field-type-text\">\n\t\t\t\t\t<input size=\"1\" type=\"text\" name=\"form_fields[field_2890d80]\" id=\"form-field-field_2890d80\" class=\"elementor-field elementor-size-md \" style=\"display:none !important;\">\t\t\t\t<\/div>\n\t\t\t\t\t\t\t\t<div class=\"elementor-field-type-acceptance elementor-field-group elementor-column elementor-field-group-field_e0a8ac7 elementor-col-100 elementor-field-required\">\n\t\t\t\t\t\t\t\t\t\t\t\t<label for=\"form-field-field_e0a8ac7\" class=\"elementor-field-label elementor-screen-only\">\n\t\t\t\t\t\t\t\tTermes i condicions\t\t\t\t\t\t\t<\/label>\n\t\t\t\t\t\t\t\t<div class=\"elementor-field-subgroup\">\n\t\t\t<span class=\"elementor-field-option\">\n\t\t\t\t<input type=\"checkbox\" name=\"form_fields[field_e0a8ac7]\" id=\"form-field-field_e0a8ac7\" class=\"elementor-field elementor-size-md  elementor-acceptance-field\" required=\"required\">\n\t\t\t\t<label for=\"form-field-field_e0a8ac7\">He llegit i accepto els termes i condicions de <a href=https:\/\/www.centromevis.cat\/politica-de-privacitat\/ target='_blank'><em>protecci\u00f3 de dades i pol\u00edtica de privacitat.<\/em><\/a><\/label>\t\t\t<\/span>\n\t\t<\/div>\n\t\t\t\t\t\t<\/div>\n\t\t\t\t\t\t\t\t<div class=\"elementor-field-type-acceptance elementor-field-group elementor-column elementor-field-group-field_ecaf849 elementor-col-100 elementor-field-required\">\n\t\t\t\t\t\t\t\t\t\t\t\t<label for=\"form-field-field_ecaf849\" class=\"elementor-field-label elementor-screen-only\">\n\t\t\t\t\t\t\t\tAutoritzo\t\t\t\t\t\t\t<\/label>\n\t\t\t\t\t\t\t\t<div class=\"elementor-field-subgroup\">\n\t\t\t<span class=\"elementor-field-option\">\n\t\t\t\t<input type=\"checkbox\" name=\"form_fields[field_ecaf849]\" id=\"form-field-field_ecaf849\" class=\"elementor-field elementor-size-md  elementor-acceptance-field\" required=\"required\">\n\t\t\t\t<label for=\"form-field-field_ecaf849\">Autoritzo el tractament de les meves dades per poder rebre informaci\u00f3 per mitjans electr\u00f2nics.<\/label>\t\t\t<\/span>\n\t\t<\/div>\n\t\t\t\t\t\t<\/div>\n\t\t\t\t\t\t\t\t<div class=\"elementor-field-group elementor-column elementor-field-type-submit elementor-col-100 e-form__buttons\">\n\t\t\t\t\t<button class=\"elementor-button elementor-size-xs\" type=\"submit\">\n\t\t\t\t\t\t<span class=\"elementor-button-content-wrapper\">\n\t\t\t\t\t\t\t\t\t\t\t\t\t\t\t\t\t\t\t\t\t\t<span class=\"elementor-button-text\">ENVIAR<\/span>\n\t\t\t\t\t\t\t\t\t\t\t\t\t<\/span>\n\t\t\t\t\t<\/button>\n\t\t\t\t<\/div>\n\t\t\t<\/div>\n\t\t<\/form>\n\t\t\t\t\t\t<\/div>\n\t\t\t\t<\/div>\n\t\t\t\t\t<\/div>\n\t\t<\/div>\n\t\t\t\t\t<\/div>\n\t\t<\/section>\n\t\t\t\t<\/div>\n\t\t","protected":false},"excerpt":{"rendered":"<p>Si vols reservar hora per a qualsevol dels nostres serveis, pots fer-ho f\u00e0cilment Truca&#8217;ns 872 212 547 872 212 547 615 229 068 615 229 068 Envia&#8217;ns un correu electr\u00f2nic info@centromevis.cat info@centromevis.cat Omple en seg\u00fcent formulari. Et respondrem confirmant dia i hora de la teva reserva<\/p>","protected":false},"author":1,"featured_media":0,"parent":0,"menu_order":0,"comment_status":"closed","ping_status":"closed","template":"","meta":{"footnotes":""},"class_list":["post-68","page","type-page","status-publish"],"yoast_head":"<!-- This site is optimized with the Yoast SEO plugin v27.6 - https:\/\/yoast.com\/product\/yoast-seo-wordpress\/ -->\n<title>Reserva hora - Centro Mevis<\/title>\n<meta name=\"robots\" content=\"noindex, follow\" \/>\n<meta property=\"og:locale\" content=\"es_ES\" \/>\n<meta property=\"og:type\" content=\"article\" \/>\n<meta property=\"og:title\" content=\"Reserva hora - Centro Mevis\" \/>\n<meta property=\"og:description\" content=\"Si vols reservar hora per a qualsevol dels nostres serveis, pots fer-ho f\u00e0cilment Truca&#8217;ns 872 212 547 872 212 547 615 229 068 615 229 068 Envia&#8217;ns un correu electr\u00f2nic info@centromevis.cat info@centromevis.cat Omple en seg\u00fcent formulari. Et respondrem confirmant dia i hora de la teva reserva\" \/>\n<meta property=\"og:url\" content=\"https:\/\/www.centromevis.cat\/es\/reserva-hora\/\" \/>\n<meta property=\"og:site_name\" content=\"Centro Mevis\" \/>\n<meta property=\"article:publisher\" content=\"https:\/\/www.facebook.com\/centromevis\/\" \/>\n<meta property=\"article:modified_time\" content=\"2026-05-09T16:37:33+00:00\" \/>\n<meta name=\"twitter:card\" content=\"summary_large_image\" \/>\n<meta name=\"twitter:label1\" content=\"Tiempo de lectura\" \/>\n\t<meta name=\"twitter:data1\" content=\"1 minuto\" \/>\n<script type=\"application\/ld+json\" class=\"yoast-schema-graph\">{\"@context\":\"https:\\\/\\\/schema.org\",\"@graph\":[{\"@type\":\"WebPage\",\"@id\":\"https:\\\/\\\/www.centromevis.cat\\\/reserva-hora\\\/\",\"url\":\"https:\\\/\\\/www.centromevis.cat\\\/reserva-hora\\\/\",\"name\":\"Reserva hora - Centro Mevis\",\"isPartOf\":{\"@id\":\"https:\\\/\\\/www.centromevis.cat\\\/#website\"},\"datePublished\":\"2018-01-11T07:57:20+00:00\",\"dateModified\":\"2026-05-09T16:37:33+00:00\",\"breadcrumb\":{\"@id\":\"https:\\\/\\\/www.centromevis.cat\\\/reserva-hora\\\/#breadcrumb\"},\"inLanguage\":\"es\",\"potentialAction\":[{\"@type\":\"ReadAction\",\"target\":[\"https:\\\/\\\/www.centromevis.cat\\\/reserva-hora\\\/\"]}]},{\"@type\":\"BreadcrumbList\",\"@id\":\"https:\\\/\\\/www.centromevis.cat\\\/reserva-hora\\\/#breadcrumb\",\"itemListElement\":[{\"@type\":\"ListItem\",\"position\":1,\"name\":\"Home\",\"item\":\"https:\\\/\\\/www.centromevis.cat\\\/\"},{\"@type\":\"ListItem\",\"position\":2,\"name\":\"Reserva hora\"}]},{\"@type\":\"WebSite\",\"@id\":\"https:\\\/\\\/www.centromevis.cat\\\/#website\",\"url\":\"https:\\\/\\\/www.centromevis.cat\\\/\",\"name\":\"Centro Mevis\",\"description\":\"Platja d&#039;Aro\",\"publisher\":{\"@id\":\"https:\\\/\\\/www.centromevis.cat\\\/#organization\"},\"potentialAction\":[{\"@type\":\"SearchAction\",\"target\":{\"@type\":\"EntryPoint\",\"urlTemplate\":\"https:\\\/\\\/www.centromevis.cat\\\/?s={search_term_string}\"},\"query-input\":{\"@type\":\"PropertyValueSpecification\",\"valueRequired\":true,\"valueName\":\"search_term_string\"}}],\"inLanguage\":\"es\"},{\"@type\":\"Organization\",\"@id\":\"https:\\\/\\\/www.centromevis.cat\\\/#organization\",\"name\":\"CentroMevis\",\"url\":\"https:\\\/\\\/www.centromevis.cat\\\/\",\"logo\":{\"@type\":\"ImageObject\",\"inLanguage\":\"es\",\"@id\":\"https:\\\/\\\/www.centromevis.cat\\\/#\\\/schema\\\/logo\\\/image\\\/\",\"url\":\"https:\\\/\\\/www.centromevis.cat\\\/wp-content\\\/uploads\\\/2018\\\/01\\\/Centromevis-LGM-.png\",\"contentUrl\":\"https:\\\/\\\/www.centromevis.cat\\\/wp-content\\\/uploads\\\/2018\\\/01\\\/Centromevis-LGM-.png\",\"width\":400,\"height\":69,\"caption\":\"CentroMevis\"},\"image\":{\"@id\":\"https:\\\/\\\/www.centromevis.cat\\\/#\\\/schema\\\/logo\\\/image\\\/\"},\"sameAs\":[\"https:\\\/\\\/www.facebook.com\\\/centromevis\\\/\",\"https:\\\/\\\/www.instagram.com\\\/centromevis\\\/\",\"https:\\\/\\\/www.youtube.com\\\/channel\\\/UCoYWLtZB5SfhEb7_i87h2Iw\"]}]}<\/script>\n<!-- \/ Yoast SEO plugin. -->","yoast_head_json":{"title":"Reserva hora - Centro Mevis","robots":{"index":"noindex","follow":"follow"},"og_locale":"es_ES","og_type":"article","og_title":"Reserva hora - Centro Mevis","og_description":"Si vols reservar hora per a qualsevol dels nostres serveis, pots fer-ho f\u00e0cilment Truca&#8217;ns 872 212 547 872 212 547 615 229 068 615 229 068 Envia&#8217;ns un correu electr\u00f2nic info@centromevis.cat info@centromevis.cat Omple en seg\u00fcent formulari. Et respondrem confirmant dia i hora de la teva reserva","og_url":"https:\/\/www.centromevis.cat\/es\/reserva-hora\/","og_site_name":"Centro Mevis","article_publisher":"https:\/\/www.facebook.com\/centromevis\/","article_modified_time":"2026-05-09T16:37:33+00:00","twitter_card":"summary_large_image","twitter_misc":{"Tiempo de lectura":"1 minuto"},"schema":{"@context":"https:\/\/schema.org","@graph":[{"@type":"WebPage","@id":"https:\/\/www.centromevis.cat\/reserva-hora\/","url":"https:\/\/www.centromevis.cat\/reserva-hora\/","name":"Reserva hora - Centro Mevis","isPartOf":{"@id":"https:\/\/www.centromevis.cat\/#website"},"datePublished":"2018-01-11T07:57:20+00:00","dateModified":"2026-05-09T16:37:33+00:00","breadcrumb":{"@id":"https:\/\/www.centromevis.cat\/reserva-hora\/#breadcrumb"},"inLanguage":"es","potentialAction":[{"@type":"ReadAction","target":["https:\/\/www.centromevis.cat\/reserva-hora\/"]}]},{"@type":"BreadcrumbList","@id":"https:\/\/www.centromevis.cat\/reserva-hora\/#breadcrumb","itemListElement":[{"@type":"ListItem","position":1,"name":"Home","item":"https:\/\/www.centromevis.cat\/"},{"@type":"ListItem","position":2,"name":"Reserva hora"}]},{"@type":"WebSite","@id":"https:\/\/www.centromevis.cat\/#website","url":"https:\/\/www.centromevis.cat\/","name":"Centro Mevis","description":"Platja d&#039;Aro","publisher":{"@id":"https:\/\/www.centromevis.cat\/#organization"},"potentialAction":[{"@type":"SearchAction","target":{"@type":"EntryPoint","urlTemplate":"https:\/\/www.centromevis.cat\/?s={search_term_string}"},"query-input":{"@type":"PropertyValueSpecification","valueRequired":true,"valueName":"search_term_string"}}],"inLanguage":"es"},{"@type":"Organization","@id":"https:\/\/www.centromevis.cat\/#organization","name":"CentroMevis","url":"https:\/\/www.centromevis.cat\/","logo":{"@type":"ImageObject","inLanguage":"es","@id":"https:\/\/www.centromevis.cat\/#\/schema\/logo\/image\/","url":"https:\/\/www.centromevis.cat\/wp-content\/uploads\/2018\/01\/Centromevis-LGM-.png","contentUrl":"https:\/\/www.centromevis.cat\/wp-content\/uploads\/2018\/01\/Centromevis-LGM-.png","width":400,"height":69,"caption":"CentroMevis"},"image":{"@id":"https:\/\/www.centromevis.cat\/#\/schema\/logo\/image\/"},"sameAs":["https:\/\/www.facebook.com\/centromevis\/","https:\/\/www.instagram.com\/centromevis\/","https:\/\/www.youtube.com\/channel\/UCoYWLtZB5SfhEb7_i87h2Iw"]}]}},"_links":{"self":[{"href":"https:\/\/www.centromevis.cat\/es\/wp-json\/wp\/v2\/pages\/68","targetHints":{"allow":["GET"]}}],"collection":[{"href":"https:\/\/www.centromevis.cat\/es\/wp-json\/wp\/v2\/pages"}],"about":[{"href":"https:\/\/www.centromevis.cat\/es\/wp-json\/wp\/v2\/types\/page"}],"author":[{"embeddable":true,"href":"https:\/\/www.centromevis.cat\/es\/wp-json\/wp\/v2\/users\/1"}],"replies":[{"embeddable":true,"href":"https:\/\/www.centromevis.cat\/es\/wp-json\/wp\/v2\/comments?post=68"}],"version-history":[{"count":0,"href":"https:\/\/www.centromevis.cat\/es\/wp-json\/wp\/v2\/pages\/68\/revisions"}],"wp:attachment":[{"href":"https:\/\/www.centromevis.cat\/es\/wp-json\/wp\/v2\/media?parent=68"}],"curies":[{"name":"wp","href":"https:\/\/api.w.org\/{rel}","templated":true}]}}