{"id":64,"date":"2018-01-11T08:55:42","date_gmt":"2018-01-11T07:55:42","guid":{"rendered":"https:\/\/www.centromevis.cat\/?page_id=64"},"modified":"2026-05-06T15:30:27","modified_gmt":"2026-05-06T13:30:27","slug":"blog","status":"publish","type":"page","link":"https:\/\/www.centromevis.cat\/es\/blog\/","title":{"rendered":"Blog"},"content":{"rendered":"<div data-elementor-type=\"wp-page\" data-elementor-id=\"64\" class=\"elementor elementor-64\" data-elementor-post-type=\"page\">\n\t\t\t\t\t\t<section class=\"elementor-section elementor-top-section elementor-element elementor-element-7029687 elementor-section-full_width elementor-section-height-default elementor-section-height-default\" data-id=\"7029687\" data-element_type=\"section\" data-e-type=\"section\">\n\t\t\t\t\t\t<div class=\"elementor-container elementor-column-gap-no\">\n\t\t\t\t\t<div class=\"elementor-column elementor-col-100 elementor-top-column elementor-element elementor-element-1516658\" data-id=\"1516658\" data-element_type=\"column\" data-e-type=\"column\">\n\t\t\t<div class=\"elementor-widget-wrap elementor-element-populated\">\n\t\t\t\t\t\t<div class=\"elementor-element elementor-element-920f0c2 premium-blog-align-center premium-blog-cta-full-yes elementor-widget elementor-widget-premium-addon-blog\" data-id=\"920f0c2\" data-element_type=\"widget\" data-e-type=\"widget\" data-settings=\"{&quot;premium_blog_columns_number&quot;:&quot;33.33%&quot;,&quot;premium_blog_grid&quot;:&quot;yes&quot;,&quot;premium_blog_layout&quot;:&quot;even&quot;,&quot;premium_blog_columns_number_tablet&quot;:&quot;50%&quot;,&quot;premium_blog_columns_number_mobile&quot;:&quot;100%&quot;}\" data-widget_type=\"premium-addon-blog.default\">\n\t\t\t\t<div class=\"elementor-widget-container\">\n\t\t\t\t\t\n\t\t\n\n\t\t\t\t<div class=\"premium-blog-wrap  premium-blog-even\" data-page=\"64\">\n\t\t\t\t\t\t\t\t\t<div class=\"premium-blog-post-outer-container\" data-total=\"1\">\n\t\t\t<div class=\"premium-blog-post-container premium-blog-skin-classic\">\n\t\t\t\t\t\t\t\t\t<div class=\"premium-blog-thumb-effect-wrapper\">\n\t\t\t\t\t\t<div class=\"premium-blog-thumbnail-container premium-blog-zoomin-effect\">\n\t\t\t\t\t\t\t<img fetchpriority=\"high\" decoding=\"async\" width=\"427\" height=\"640\" src=\"https:\/\/www.centromevis.cat\/wp-content\/uploads\/2022\/03\/Centromevis-Terapia-Gestalt-Platja-dAro-Falsas-creencias-sobre-el-duelo.webp\" class=\"attachment-full size-full wp-image-5070\" alt=\"Centromevis - Terapia Gestalt - Platja d&#039;Aro - Falsas creencias sobre el duelo\" srcset=\"https:\/\/www.centromevis.cat\/wp-content\/uploads\/2022\/03\/Centromevis-Terapia-Gestalt-Platja-dAro-Falsas-creencias-sobre-el-duelo.webp 427w, https:\/\/www.centromevis.cat\/wp-content\/uploads\/2022\/03\/Centromevis-Terapia-Gestalt-Platja-dAro-Falsas-creencias-sobre-el-duelo-200x300.jpg 200w\" sizes=\"(max-width: 427px) 100vw, 427px\" \/>\t\t\t\t\t\t<\/div>\n\t\t\t\t\t\t\t\t\t\t\t\t\t<div class=\"premium-blog-thumbnail-overlay\">\n\t\t\t\t\t\t\t\t<a class=\"elementor-icon\" href=\"https:\/\/www.centromevis.cat\/es\/falses-creences-sobre-el-dol\/\" target=\"_self\"><\/a>\n\t\t\t\t\t\t\t<\/div>\n\n\t\t\t\t\t\t\t\t\t\t\t\t\t\t\t\t\t\t<\/div>\n\t\t\t\t\t\t\t\t\t\t\t\t<div class=\"premium-blog-content-wrapper\">\n\n\t\t\t\t\t<div class=\"premium-blog-inner-container\">\n\n\t\t\t\t\t\t\t\t\t\t\t\t\t\t<h2 class=\"premium-blog-entry-title\">\n\t\t\t<a href=\"https:\/\/www.centromevis.cat\/es\/falses-creences-sobre-el-dol\/\" target=\"_self\">\n\t\t\t\tFalsas creencias sobre el duelo\t\t\t<\/a>\n\t\t<\/h2>\n\t\t\t\t<div class=\"premium-blog-entry-meta\">\n\t\t\t\n\t\t\t\n\t\t\t\n\t\t\t\t\t<\/div>\n\t\t\n\t\t\t\t\t<\/div>\n\n\t\t\t\t\t\t\t<div class=\"premium-blog-content-inner-wrapper\">\n\t\t<p class=\"premium-blog-post-content\">Falsas creencias sobre el duelo \u201cLa muerte forma parte de la vida\u201d Todos hemos experimentado la p\u00e9rdida de un ser querido y si a\u00fan no lo hemos<\/p><div class=\"premium-blog-excerpt-link-wrap\"><a href=\"https:\/\/www.centromevis.cat\/es\/falses-creences-sobre-el-dol\/\" target=\"_self\" class=\"premium-blog-excerpt-link elementor-button\">Leer m\u00e1s<\/a><\/div>\t\t<\/div>\n\t\t\t\t\t\t\t\n\t\t\t\t<\/div>\n\t\t\t<\/div>\n\t\t<\/div>\n\n\t\t\t\t<div class=\"premium-blog-post-outer-container\" data-total=\"1\">\n\t\t\t<div class=\"premium-blog-post-container premium-blog-skin-classic\">\n\t\t\t\t\t\t\t\t\t<div class=\"premium-blog-thumb-effect-wrapper\">\n\t\t\t\t\t\t<div class=\"premium-blog-thumbnail-container premium-blog-zoomin-effect\">\n\t\t\t\t\t\t\t<img decoding=\"async\" width=\"700\" height=\"500\" src=\"https:\/\/www.centromevis.cat\/wp-content\/uploads\/2021\/08\/Centromevis-Blog-Detectar-el-que-dispara-la-teva-ansietat.webp\" class=\"attachment-full size-full wp-image-4829\" alt=\"Centromevis - Blog - Detectar el que dispara la teva ansietat\" srcset=\"https:\/\/www.centromevis.cat\/wp-content\/uploads\/2021\/08\/Centromevis-Blog-Detectar-el-que-dispara-la-teva-ansietat.webp 700w, https:\/\/www.centromevis.cat\/wp-content\/uploads\/2021\/08\/Centromevis-Blog-Detectar-el-que-dispara-la-teva-ansietat-300x214.jpg 300w\" sizes=\"(max-width: 700px) 100vw, 700px\" \/>\t\t\t\t\t\t<\/div>\n\t\t\t\t\t\t\t\t\t\t\t\t\t<div class=\"premium-blog-thumbnail-overlay\">\n\t\t\t\t\t\t\t\t<a class=\"elementor-icon\" href=\"https:\/\/www.centromevis.cat\/es\/detectar-el-que-dispara-la-teva-ansietat\/\" target=\"_self\"><\/a>\n\t\t\t\t\t\t\t<\/div>\n\n\t\t\t\t\t\t\t\t\t\t\t\t\t\t\t\t\t\t<\/div>\n\t\t\t\t\t\t\t\t\t\t\t\t<div class=\"premium-blog-content-wrapper\">\n\n\t\t\t\t\t<div class=\"premium-blog-inner-container\">\n\n\t\t\t\t\t\t\t\t\t\t\t\t\t\t<h2 class=\"premium-blog-entry-title\">\n\t\t\t<a href=\"https:\/\/www.centromevis.cat\/es\/detectar-el-que-dispara-la-teva-ansietat\/\" target=\"_self\">\n\t\t\t\tDetectar lo que dispara tu ansiedad\t\t\t<\/a>\n\t\t<\/h2>\n\t\t\t\t<div class=\"premium-blog-entry-meta\">\n\t\t\t\n\t\t\t\n\t\t\t\n\t\t\t\t\t<\/div>\n\t\t\n\t\t\t\t\t<\/div>\n\n\t\t\t\t\t\t\t<div class=\"premium-blog-content-inner-wrapper\">\n\t\t<p class=\"premium-blog-post-content\">C\u00f3mo detectar lo que dispara tu ansiedad Tenemos una creencia firme y es que hemos venido a este mundo a disfrutar, conectados con la<\/p><div class=\"premium-blog-excerpt-link-wrap\"><a href=\"https:\/\/www.centromevis.cat\/es\/detectar-el-que-dispara-la-teva-ansietat\/\" target=\"_self\" class=\"premium-blog-excerpt-link elementor-button\">Leer m\u00e1s<\/a><\/div>\t\t<\/div>\n\t\t\t\t\t\t\t\n\t\t\t\t<\/div>\n\t\t\t<\/div>\n\t\t<\/div>\n\n\t\t\t\t\t\t\t<\/div>\n\n\t\t\n\t\t\n\t\t\t\t\t\t<\/div>\n\t\t\t\t<\/div>\n\t\t\t\t\t<\/div>\n\t\t<\/div>\n\t\t\t\t\t<\/div>\n\t\t<\/section>\n\t\t\t\t<\/div>","protected":false},"excerpt":{"rendered":"<p>Falses creences sobre el dol Falses creences sobre el dol \u201cLa mort forma part de la vida\u201d Tots hem experimentat la p\u00e8rdua d&#8217;un ser estimat i si encara no l&#8217;hem Llegir m\u00e9s Detectar el que dispara la teva ansietat Com detectar el que dispara la teva ansietat Tenim una creen\u00e7a ferma i \u00e9s que hem vingut a aquest m\u00f3n a gaudir, connectats amb la Llegir m\u00e9s<\/p>","protected":false},"author":1,"featured_media":0,"parent":0,"menu_order":0,"comment_status":"closed","ping_status":"closed","template":"","meta":{"footnotes":""},"class_list":["post-64","page","type-page","status-publish"],"yoast_head":"<!-- This site is optimized with the Yoast SEO plugin v27.6 - https:\/\/yoast.com\/product\/yoast-seo-wordpress\/ -->\n<title>Blog - Centro Mevis<\/title>\n<meta name=\"robots\" content=\"index, follow, max-snippet:-1, max-image-preview:large, max-video-preview:-1\" \/>\n<link rel=\"canonical\" href=\"https:\/\/www.centromevis.cat\/es\/blog\/\" \/>\n<meta property=\"og:locale\" content=\"es_ES\" \/>\n<meta property=\"og:type\" content=\"article\" \/>\n<meta property=\"og:title\" content=\"Blog - Centro Mevis\" \/>\n<meta property=\"og:description\" content=\"Falses creences sobre el dol Falses creences sobre el dol \u201cLa mort forma part de la vida\u201d Tots hem experimentat la p\u00e8rdua d&#8217;un ser estimat i si encara no l&#8217;hem Llegir m\u00e9s Detectar el que dispara la teva ansietat Com detectar el que dispara la teva ansietat Tenim una creen\u00e7a ferma i \u00e9s que hem vingut a aquest m\u00f3n a gaudir, connectats amb la Llegir m\u00e9s\" \/>\n<meta property=\"og:url\" content=\"https:\/\/www.centromevis.cat\/es\/blog\/\" \/>\n<meta property=\"og:site_name\" content=\"Centro Mevis\" \/>\n<meta property=\"article:publisher\" content=\"https:\/\/www.facebook.com\/centromevis\/\" \/>\n<meta property=\"article:modified_time\" content=\"2026-05-06T13:30:27+00:00\" \/>\n<meta property=\"og:image\" content=\"https:\/\/www.centromevis.cat\/wp-content\/uploads\/2022\/03\/Centromevis-Terapia-Gestalt-Platja-dAro-Falsas-creencias-sobre-el-duelo.webp\" \/>\n\t<meta property=\"og:image:width\" content=\"427\" \/>\n\t<meta property=\"og:image:height\" content=\"640\" \/>\n\t<meta property=\"og:image:type\" content=\"image\/webp\" \/>\n<meta name=\"twitter:card\" content=\"summary_large_image\" \/>\n<meta name=\"twitter:label1\" content=\"Tiempo de lectura\" \/>\n\t<meta name=\"twitter:data1\" content=\"1 minuto\" \/>\n<script type=\"application\/ld+json\" class=\"yoast-schema-graph\">{\"@context\":\"https:\\\/\\\/schema.org\",\"@graph\":[{\"@type\":\"WebPage\",\"@id\":\"https:\\\/\\\/www.centromevis.cat\\\/blog\\\/\",\"url\":\"https:\\\/\\\/www.centromevis.cat\\\/blog\\\/\",\"name\":\"Blog - Centro Mevis\",\"isPartOf\":{\"@id\":\"https:\\\/\\\/www.centromevis.cat\\\/#website\"},\"primaryImageOfPage\":{\"@id\":\"https:\\\/\\\/www.centromevis.cat\\\/blog\\\/#primaryimage\"},\"image\":{\"@id\":\"https:\\\/\\\/www.centromevis.cat\\\/blog\\\/#primaryimage\"},\"thumbnailUrl\":\"https:\\\/\\\/www.centromevis.cat\\\/wp-content\\\/uploads\\\/2022\\\/03\\\/Centromevis-Terapia-Gestalt-Platja-dAro-Falsas-creencias-sobre-el-duelo.webp\",\"datePublished\":\"2018-01-11T07:55:42+00:00\",\"dateModified\":\"2026-05-06T13:30:27+00:00\",\"breadcrumb\":{\"@id\":\"https:\\\/\\\/www.centromevis.cat\\\/blog\\\/#breadcrumb\"},\"inLanguage\":\"es\",\"potentialAction\":[{\"@type\":\"ReadAction\",\"target\":[\"https:\\\/\\\/www.centromevis.cat\\\/blog\\\/\"]}]},{\"@type\":\"ImageObject\",\"inLanguage\":\"es\",\"@id\":\"https:\\\/\\\/www.centromevis.cat\\\/blog\\\/#primaryimage\",\"url\":\"https:\\\/\\\/www.centromevis.cat\\\/wp-content\\\/uploads\\\/2022\\\/03\\\/Centromevis-Terapia-Gestalt-Platja-dAro-Falsas-creencias-sobre-el-duelo.webp\",\"contentUrl\":\"https:\\\/\\\/www.centromevis.cat\\\/wp-content\\\/uploads\\\/2022\\\/03\\\/Centromevis-Terapia-Gestalt-Platja-dAro-Falsas-creencias-sobre-el-duelo.webp\"},{\"@type\":\"BreadcrumbList\",\"@id\":\"https:\\\/\\\/www.centromevis.cat\\\/blog\\\/#breadcrumb\",\"itemListElement\":[{\"@type\":\"ListItem\",\"position\":1,\"name\":\"Home\",\"item\":\"https:\\\/\\\/www.centromevis.cat\\\/\"},{\"@type\":\"ListItem\",\"position\":2,\"name\":\"Blog\"}]},{\"@type\":\"WebSite\",\"@id\":\"https:\\\/\\\/www.centromevis.cat\\\/#website\",\"url\":\"https:\\\/\\\/www.centromevis.cat\\\/\",\"name\":\"Centro Mevis\",\"description\":\"Platja d&#039;Aro\",\"publisher\":{\"@id\":\"https:\\\/\\\/www.centromevis.cat\\\/#organization\"},\"potentialAction\":[{\"@type\":\"SearchAction\",\"target\":{\"@type\":\"EntryPoint\",\"urlTemplate\":\"https:\\\/\\\/www.centromevis.cat\\\/?s={search_term_string}\"},\"query-input\":{\"@type\":\"PropertyValueSpecification\",\"valueRequired\":true,\"valueName\":\"search_term_string\"}}],\"inLanguage\":\"es\"},{\"@type\":\"Organization\",\"@id\":\"https:\\\/\\\/www.centromevis.cat\\\/#organization\",\"name\":\"CentroMevis\",\"url\":\"https:\\\/\\\/www.centromevis.cat\\\/\",\"logo\":{\"@type\":\"ImageObject\",\"inLanguage\":\"es\",\"@id\":\"https:\\\/\\\/www.centromevis.cat\\\/#\\\/schema\\\/logo\\\/image\\\/\",\"url\":\"https:\\\/\\\/www.centromevis.cat\\\/wp-content\\\/uploads\\\/2018\\\/01\\\/Centromevis-LGM-.png\",\"contentUrl\":\"https:\\\/\\\/www.centromevis.cat\\\/wp-content\\\/uploads\\\/2018\\\/01\\\/Centromevis-LGM-.png\",\"width\":400,\"height\":69,\"caption\":\"CentroMevis\"},\"image\":{\"@id\":\"https:\\\/\\\/www.centromevis.cat\\\/#\\\/schema\\\/logo\\\/image\\\/\"},\"sameAs\":[\"https:\\\/\\\/www.facebook.com\\\/centromevis\\\/\",\"https:\\\/\\\/www.instagram.com\\\/centromevis\\\/\",\"https:\\\/\\\/www.youtube.com\\\/channel\\\/UCoYWLtZB5SfhEb7_i87h2Iw\"]}]}<\/script>\n<!-- \/ Yoast SEO plugin. -->","yoast_head_json":{"title":"Blog - Centro Mevis","robots":{"index":"index","follow":"follow","max-snippet":"max-snippet:-1","max-image-preview":"max-image-preview:large","max-video-preview":"max-video-preview:-1"},"canonical":"https:\/\/www.centromevis.cat\/es\/blog\/","og_locale":"es_ES","og_type":"article","og_title":"Blog - Centro Mevis","og_description":"Falses creences sobre el dol Falses creences sobre el dol \u201cLa mort forma part de la vida\u201d Tots hem experimentat la p\u00e8rdua d&#8217;un ser estimat i si encara no l&#8217;hem Llegir m\u00e9s Detectar el que dispara la teva ansietat Com detectar el que dispara la teva ansietat Tenim una creen\u00e7a ferma i \u00e9s que hem vingut a aquest m\u00f3n a gaudir, connectats amb la Llegir m\u00e9s","og_url":"https:\/\/www.centromevis.cat\/es\/blog\/","og_site_name":"Centro Mevis","article_publisher":"https:\/\/www.facebook.com\/centromevis\/","article_modified_time":"2026-05-06T13:30:27+00:00","og_image":[{"width":427,"height":640,"url":"https:\/\/www.centromevis.cat\/wp-content\/uploads\/2022\/03\/Centromevis-Terapia-Gestalt-Platja-dAro-Falsas-creencias-sobre-el-duelo.webp","type":"image\/webp"}],"twitter_card":"summary_large_image","twitter_misc":{"Tiempo de lectura":"1 minuto"},"schema":{"@context":"https:\/\/schema.org","@graph":[{"@type":"WebPage","@id":"https:\/\/www.centromevis.cat\/blog\/","url":"https:\/\/www.centromevis.cat\/blog\/","name":"Blog - Centro Mevis","isPartOf":{"@id":"https:\/\/www.centromevis.cat\/#website"},"primaryImageOfPage":{"@id":"https:\/\/www.centromevis.cat\/blog\/#primaryimage"},"image":{"@id":"https:\/\/www.centromevis.cat\/blog\/#primaryimage"},"thumbnailUrl":"https:\/\/www.centromevis.cat\/wp-content\/uploads\/2022\/03\/Centromevis-Terapia-Gestalt-Platja-dAro-Falsas-creencias-sobre-el-duelo.webp","datePublished":"2018-01-11T07:55:42+00:00","dateModified":"2026-05-06T13:30:27+00:00","breadcrumb":{"@id":"https:\/\/www.centromevis.cat\/blog\/#breadcrumb"},"inLanguage":"es","potentialAction":[{"@type":"ReadAction","target":["https:\/\/www.centromevis.cat\/blog\/"]}]},{"@type":"ImageObject","inLanguage":"es","@id":"https:\/\/www.centromevis.cat\/blog\/#primaryimage","url":"https:\/\/www.centromevis.cat\/wp-content\/uploads\/2022\/03\/Centromevis-Terapia-Gestalt-Platja-dAro-Falsas-creencias-sobre-el-duelo.webp","contentUrl":"https:\/\/www.centromevis.cat\/wp-content\/uploads\/2022\/03\/Centromevis-Terapia-Gestalt-Platja-dAro-Falsas-creencias-sobre-el-duelo.webp"},{"@type":"BreadcrumbList","@id":"https:\/\/www.centromevis.cat\/blog\/#breadcrumb","itemListElement":[{"@type":"ListItem","position":1,"name":"Home","item":"https:\/\/www.centromevis.cat\/"},{"@type":"ListItem","position":2,"name":"Blog"}]},{"@type":"WebSite","@id":"https:\/\/www.centromevis.cat\/#website","url":"https:\/\/www.centromevis.cat\/","name":"Centro Mevis","description":"Platja d&#039;Aro","publisher":{"@id":"https:\/\/www.centromevis.cat\/#organization"},"potentialAction":[{"@type":"SearchAction","target":{"@type":"EntryPoint","urlTemplate":"https:\/\/www.centromevis.cat\/?s={search_term_string}"},"query-input":{"@type":"PropertyValueSpecification","valueRequired":true,"valueName":"search_term_string"}}],"inLanguage":"es"},{"@type":"Organization","@id":"https:\/\/www.centromevis.cat\/#organization","name":"CentroMevis","url":"https:\/\/www.centromevis.cat\/","logo":{"@type":"ImageObject","inLanguage":"es","@id":"https:\/\/www.centromevis.cat\/#\/schema\/logo\/image\/","url":"https:\/\/www.centromevis.cat\/wp-content\/uploads\/2018\/01\/Centromevis-LGM-.png","contentUrl":"https:\/\/www.centromevis.cat\/wp-content\/uploads\/2018\/01\/Centromevis-LGM-.png","width":400,"height":69,"caption":"CentroMevis"},"image":{"@id":"https:\/\/www.centromevis.cat\/#\/schema\/logo\/image\/"},"sameAs":["https:\/\/www.facebook.com\/centromevis\/","https:\/\/www.instagram.com\/centromevis\/","https:\/\/www.youtube.com\/channel\/UCoYWLtZB5SfhEb7_i87h2Iw"]}]}},"_links":{"self":[{"href":"https:\/\/www.centromevis.cat\/es\/wp-json\/wp\/v2\/pages\/64","targetHints":{"allow":["GET"]}}],"collection":[{"href":"https:\/\/www.centromevis.cat\/es\/wp-json\/wp\/v2\/pages"}],"about":[{"href":"https:\/\/www.centromevis.cat\/es\/wp-json\/wp\/v2\/types\/page"}],"author":[{"embeddable":true,"href":"https:\/\/www.centromevis.cat\/es\/wp-json\/wp\/v2\/users\/1"}],"replies":[{"embeddable":true,"href":"https:\/\/www.centromevis.cat\/es\/wp-json\/wp\/v2\/comments?post=64"}],"version-history":[{"count":0,"href":"https:\/\/www.centromevis.cat\/es\/wp-json\/wp\/v2\/pages\/64\/revisions"}],"wp:attachment":[{"href":"https:\/\/www.centromevis.cat\/es\/wp-json\/wp\/v2\/media?parent=64"}],"curies":[{"name":"wp","href":"https:\/\/api.w.org\/{rel}","templated":true}]}}