{"id":5252,"date":"2022-09-08T16:29:54","date_gmt":"2022-09-08T14:29:54","guid":{"rendered":"https:\/\/www.centromevis.cat\/?page_id=5252"},"modified":"2025-02-18T14:07:40","modified_gmt":"2025-02-18T13:07:40","slug":"terapia-per-adolescents","status":"publish","type":"page","link":"https:\/\/www.centromevis.cat\/es\/terapia-per-adolescents\/","title":{"rendered":"Terapia para adolescentes en Platja d&#8217;Aro y Girona"},"content":{"rendered":"\t\t<div data-elementor-type=\"wp-page\" data-elementor-id=\"5252\" class=\"elementor elementor-5252\" data-elementor-post-type=\"page\">\n\t\t\t\t\t\t<section class=\"elementor-section elementor-top-section elementor-element elementor-element-44e31b5 elementor-section-full_width elementor-section-height-default elementor-section-height-default\" data-id=\"44e31b5\" data-element_type=\"section\" data-e-type=\"section\">\n\t\t\t\t\t\t<div class=\"elementor-container elementor-column-gap-no\">\n\t\t\t\t\t<div class=\"elementor-column elementor-col-100 elementor-top-column elementor-element elementor-element-5c04396\" data-id=\"5c04396\" data-element_type=\"column\" data-e-type=\"column\">\n\t\t\t<div class=\"elementor-widget-wrap elementor-element-populated\">\n\t\t\t\t\t\t<div class=\"elementor-element elementor-element-140363b elementor-widget elementor-widget-text-editor\" data-id=\"140363b\" data-element_type=\"widget\" data-e-type=\"widget\" data-widget_type=\"text-editor.default\">\n\t\t\t\t<div class=\"elementor-widget-container\">\n\t\t\t\t\t\t\t\t\t<p>Per qu\u00e8 pots necessitar <strong><a href=\"https:\/\/www.centromevis.cat\/\">ter\u00e0pia Gestal a Girona i Platja d\u2019Aro<\/a>\u00a0per a adolescents a Platja d&#8217;Aro i Girona<\/strong>?<\/p><p>L&#8217;adolesc\u00e8ncia \u00e9s una etapa evolutiva i crucial del <strong>desenvolupament de la persona<\/strong>. Tenen lloc els canvis m\u00e9s importants a nivell<strong> f\u00edsic, emocional i relacional<\/strong>.<\/p><p>Hem de tenir en compte que en l&#8217;adolesc\u00e8ncia els <strong>valors personals de l&#8217;adolescent<\/strong> es contraposen als <strong>valors familiars<\/strong> i aix\u00f2 a vegades pot generar algunes discussions. L&#8217;important \u00e9s entendre que aix\u00f2 succeeix per i per a la reafirmaci\u00f3 de la seva identitat.<\/p>\t\t\t\t\t\t\t\t<\/div>\n\t\t\t\t<\/div>\n\t\t\t\t\t<\/div>\n\t\t<\/div>\n\t\t\t\t\t<\/div>\n\t\t<\/section>\n\t\t\t\t<section class=\"elementor-section elementor-top-section elementor-element elementor-element-2bddd5e elementor-section-full_width elementor-section-height-default elementor-section-height-default\" data-id=\"2bddd5e\" data-element_type=\"section\" data-e-type=\"section\">\n\t\t\t\t\t\t<div class=\"elementor-container elementor-column-gap-no\">\n\t\t\t\t\t<div class=\"elementor-column elementor-col-100 elementor-top-column elementor-element elementor-element-dfb533d\" data-id=\"dfb533d\" data-element_type=\"column\" data-e-type=\"column\">\n\t\t\t<div class=\"elementor-widget-wrap elementor-element-populated\">\n\t\t\t\t\t\t\t<\/div>\n\t\t<\/div>\n\t\t\t\t\t<\/div>\n\t\t<\/section>\n\t\t\t\t<section class=\"elementor-section elementor-top-section elementor-element elementor-element-39b26e2 elementor-section-full_width elementor-section-height-default elementor-section-height-default\" data-id=\"39b26e2\" data-element_type=\"section\" data-e-type=\"section\">\n\t\t\t\t\t\t<div class=\"elementor-container elementor-column-gap-no\">\n\t\t\t\t\t<div class=\"elementor-column elementor-col-100 elementor-top-column elementor-element elementor-element-63f87a9\" data-id=\"63f87a9\" data-element_type=\"column\" data-e-type=\"column\">\n\t\t\t<div class=\"elementor-widget-wrap elementor-element-populated\">\n\t\t\t\t\t\t<div class=\"elementor-element elementor-element-819e2df elementor-widget elementor-widget-image\" data-id=\"819e2df\" data-element_type=\"widget\" data-e-type=\"widget\" data-widget_type=\"image.default\">\n\t\t\t\t<div class=\"elementor-widget-container\">\n\t\t\t\t\t\t\t\t\t\t\t\t\t\t\t<img fetchpriority=\"high\" decoding=\"async\" width=\"960\" height=\"642\" src=\"https:\/\/www.centromevis.cat\/wp-content\/uploads\/2022\/09\/Centromevis-Platja-dAro-Serveis-Terapia-per-adolescents-01.webp\" class=\"attachment-full size-full wp-image-5268\" alt=\"Centromevis - Platja d&#039;Aro - Serveis - Ter\u00e0pia per adolescents\" srcset=\"https:\/\/www.centromevis.cat\/wp-content\/uploads\/2022\/09\/Centromevis-Platja-dAro-Serveis-Terapia-per-adolescents-01.webp 960w, https:\/\/www.centromevis.cat\/wp-content\/uploads\/2022\/09\/Centromevis-Platja-dAro-Serveis-Terapia-per-adolescents-01-300x201.jpg 300w, https:\/\/www.centromevis.cat\/wp-content\/uploads\/2022\/09\/Centromevis-Platja-dAro-Serveis-Terapia-per-adolescents-01-768x514.webp 768w\" sizes=\"(max-width: 960px) 100vw, 960px\" \/>\t\t\t\t\t\t\t\t\t\t\t\t\t\t\t<\/div>\n\t\t\t\t<\/div>\n\t\t\t\t\t<\/div>\n\t\t<\/div>\n\t\t\t\t\t<\/div>\n\t\t<\/section>\n\t\t\t\t<section class=\"elementor-section elementor-top-section elementor-element elementor-element-3b1ef16 elementor-section-full_width elementor-section-height-default elementor-section-height-default\" data-id=\"3b1ef16\" data-element_type=\"section\" data-e-type=\"section\">\n\t\t\t\t\t\t<div class=\"elementor-container elementor-column-gap-no\">\n\t\t\t\t\t<div class=\"elementor-column elementor-col-100 elementor-top-column elementor-element elementor-element-482226e\" data-id=\"482226e\" data-element_type=\"column\" data-e-type=\"column\">\n\t\t\t<div class=\"elementor-widget-wrap elementor-element-populated\">\n\t\t\t\t\t\t<div class=\"elementor-element elementor-element-db619cd elementor-widget elementor-widget-text-editor\" data-id=\"db619cd\" data-element_type=\"widget\" data-e-type=\"widget\" data-widget_type=\"text-editor.default\">\n\t\t\t\t<div class=\"elementor-widget-container\">\n\t\t\t\t\t\t\t\t\t<p><\/p><p>Una de les primeres refer\u00e8ncies que m&#8217;agrada comentar en <strong>l&#8217;acompanyament en adolescents<\/strong> \u00e9s la part de la pres\u00e8ncia en el \u201cAqu\u00ed i Ara\u201d. Ells viuen constantment en aquest espai\/temps per excel\u00b7l\u00e8ncia, on conviu el present en estat pur, amb el passat i el futur.<\/p><p>Per aquest motiu, als adults, els costa arribar a entendre moltes de les situacions que sovint els succeeixen. Etapa que a vegades pot ser una mica confusa, les c\u00e0rregues de les diferents situacions viscudes, els primers contactes amb l&#8217;amor, les bones intencions dels familiars i amics m\u00e9s pr\u00f2xim (a vegades carregades de projeccions), els conflictes, les peticions d&#8217;afecte, la necessitat d&#8217;estar sols i tot el que sigui referent al mon relacional, ocasionen actituds i car\u00e0cters que a vegades poden ser poc saludables.<\/p><p>Parlant de l&#8217;adolesc\u00e8ncia, Ja que estem davant d&#8217;aquest plantejament, em ve una pregunta que potser haur\u00e0s escoltat a casa:<\/p><p><strong>Perqu\u00e8 ning\u00fa m&#8217;ent\u00e9n? \u00a0Tu\/vosaltres mai m\u2019entendr\u00e0s\/eu<\/strong><\/p><p>\u00c9s molt important acceptar que no sempre podrem estar per entendre les situacions i les emocions que sentin. Aquesta situaci\u00f3 es dona per la necessitat de trobar la identitat del \u201cJO\u201d, aquest espai es on reafirmen la personalitat i la separaci\u00f3 del m\u00f3n dels seus pares.<\/p><p>Tenir la necessitat de convertir-nos en <strong>els salvadors i cuidadors<\/strong> tampoc ens posa en un posici\u00f3 de cuidador. Sent nosaltres mateixos, sense necessitat de fer servir cap rol, nom\u00e9s sent una persona amb una altra persona i proporcionant un espai on pugui sostenir-se, moltes vegades \u00e9s l&#8217;\u00fanica cosa que necessiten.<\/p><p>Per aquests motius i alguns m\u00e9s, entenem que \u00e9s una etapa complicada, dif\u00edcil de gestionar i alhora molt bonica.<\/p><p>Si creus que necessites com a Pare, mare o tutor un acompanyament per a transitar aquesta etapa, demana una sessi\u00f3 de valoraci\u00f3, ens posarem en contacte amb tu al m\u00e9s aviat possible.<\/p>\t\t\t\t\t\t\t\t<\/div>\n\t\t\t\t<\/div>\n\t\t\t\t\t<\/div>\n\t\t<\/div>\n\t\t\t\t\t<\/div>\n\t\t<\/section>\n\t\t\t\t<section class=\"elementor-section elementor-top-section elementor-element elementor-element-b72051a elementor-section-full_width elementor-section-height-default elementor-section-height-default\" data-id=\"b72051a\" data-element_type=\"section\" data-e-type=\"section\">\n\t\t\t\t\t\t<div class=\"elementor-container elementor-column-gap-no\">\n\t\t\t\t\t<div class=\"elementor-column elementor-col-100 elementor-top-column elementor-element elementor-element-be7ae71\" data-id=\"be7ae71\" data-element_type=\"column\" data-e-type=\"column\">\n\t\t\t<div class=\"elementor-widget-wrap elementor-element-populated\">\n\t\t\t\t\t\t<section class=\"elementor-section elementor-inner-section elementor-element elementor-element-b2b7b9d elementor-section-boxed elementor-section-height-default elementor-section-height-default\" data-id=\"b2b7b9d\" data-element_type=\"section\" data-e-type=\"section\">\n\t\t\t\t\t\t<div class=\"elementor-container elementor-column-gap-default\">\n\t\t\t\t\t<div class=\"elementor-column elementor-col-100 elementor-inner-column elementor-element elementor-element-7edccf0\" data-id=\"7edccf0\" data-element_type=\"column\" data-e-type=\"column\" data-settings=\"{&quot;background_background&quot;:&quot;classic&quot;}\">\n\t\t\t<div class=\"elementor-widget-wrap elementor-element-populated\">\n\t\t\t\t\t\t<div class=\"elementor-element elementor-element-db82e83 elementor-widget elementor-widget-heading\" data-id=\"db82e83\" data-element_type=\"widget\" data-e-type=\"widget\" data-widget_type=\"heading.default\">\n\t\t\t\t<div class=\"elementor-widget-container\">\n\t\t\t\t\t<h2 class=\"elementor-heading-title elementor-size-default\">Vols demanar una cita de valoraci\u00f3 i parlar amb nosaltres?<\/h2>\t\t\t\t<\/div>\n\t\t\t\t<\/div>\n\t\t\t\t<div class=\"elementor-element elementor-element-d6b355a elementor-widget elementor-widget-premium-addon-image-button\" data-id=\"d6b355a\" data-element_type=\"widget\" data-e-type=\"widget\" data-widget_type=\"premium-addon-image-button.default\">\n\t\t\t\t<div class=\"elementor-widget-container\">\n\t\t\t\t\t\n\t\t<a class=\"premium-image-button-style3 premium-image-button premium-btn-md premium-image-button-diagonal-bottom\" href=\"https:\/\/www.centromevis.cat\/sessio-de-valoracio\/\">\n\t\t\t<div class=\"premium-image-button-text-icon-wrapper\">\n\n\t\t\t\t\n\t\t\t\t\t\t\t\t\t<span >\n\t\t\t\t\t\tDemana la teva primera sessi\u00f3 de valoraci\u00f3 gratu\u00efta\t\t\t\t\t<\/span>\n\t\t\t\t\n\t\t\t<\/div>\n\n\t\t\t\n\t\t\t\n\t\t\t\n\t\t<\/a>\n\n\t\t\t\t\t\t<\/div>\n\t\t\t\t<\/div>\n\t\t\t\t\t<\/div>\n\t\t<\/div>\n\t\t\t\t\t<\/div>\n\t\t<\/section>\n\t\t\t\t\t<\/div>\n\t\t<\/div>\n\t\t\t\t\t<\/div>\n\t\t<\/section>\n\t\t\t\t<\/div>\n\t\t","protected":false},"excerpt":{"rendered":"<p>\u00bfPor qu\u00e9 puedes necesitar terapia Gestalt en Girona y Platja d\u2019Aro\u00a0para adolescentes? La adolescencia es una etapa evolutiva y crucial del desarrollo de la persona. Tienen presencia los cambios m\u00e1s importantes a nivel f\u00edsico, emocional y relacional. Tenemos que tener en cuenta que en la adolescencia \u00a0los valores personales del adolescente se contraponen a los valores familiares y ello en ocasiones puede generar algunas discusiones. Lo importante es entender que esto sucede por y para la reafirmaci\u00f3n de su identidad. Una de las primeras referencias que me gusta comentar en el acompa\u00f1amiento en adolescentes es la parte de la presencia en el \u201cAqu\u00ed y Ahora\u201d. Ellos viven constantemente en este espacio\/tiempo por excelencia, donde convive el presente, en estado puro, con el pasado y el futuro. Por este motivo, a los adultos, les cuesta llegar a entender muchas de las situaciones que a menudo les suceden. \u00a0Etapa que a veces&hellip;<\/p>\n<p> <a class=\"more-link\" href=\"https:\/\/www.centromevis.cat\/es\/terapia-per-adolescents\/\">Read more<\/a><\/p>\n","protected":false},"author":1,"featured_media":0,"parent":0,"menu_order":0,"comment_status":"closed","ping_status":"closed","template":"","meta":{"footnotes":""},"class_list":["post-5252","page","type-page","status-publish"],"yoast_head":"<!-- This site is optimized with the Yoast SEO plugin v27.4 - https:\/\/yoast.com\/product\/yoast-seo-wordpress\/ -->\n<title>Terapia para adolescentes en Platja d&#039;Aro y Girona - Centro Mevis<\/title>\n<meta name=\"robots\" content=\"index, follow, max-snippet:-1, max-image-preview:large, max-video-preview:-1\" \/>\n<link rel=\"canonical\" href=\"https:\/\/www.centromevis.cat\/es\/terapia-per-adolescents\/\" \/>\n<meta property=\"og:locale\" content=\"es_ES\" \/>\n<meta property=\"og:type\" content=\"article\" \/>\n<meta property=\"og:title\" content=\"Terapia para adolescentes en Platja d&#039;Aro y Girona - Centro Mevis\" \/>\n<meta property=\"og:description\" content=\"\u00bfPor qu\u00e9 puedes necesitar terapia Gestalt en Girona y Platja d\u2019Aro\u00a0para adolescentes? La adolescencia es una etapa evolutiva y crucial del desarrollo de la persona. Tienen presencia los cambios m\u00e1s importantes a nivel f\u00edsico, emocional y relacional. Tenemos que tener en cuenta que en la adolescencia \u00a0los valores personales del adolescente se contraponen a los valores familiares y ello en ocasiones puede generar algunas discusiones. Lo importante es entender que esto sucede por y para la reafirmaci\u00f3n de su identidad. Una de las primeras referencias que me gusta comentar en el acompa\u00f1amiento en adolescentes es la parte de la presencia en el \u201cAqu\u00ed y Ahora\u201d. Ellos viven constantemente en este espacio\/tiempo por excelencia, donde convive el presente, en estado puro, con el pasado y el futuro. Por este motivo, a los adultos, les cuesta llegar a entender muchas de las situaciones que a menudo les suceden. \u00a0Etapa que a veces&hellip;  Read more\" \/>\n<meta property=\"og:url\" content=\"https:\/\/www.centromevis.cat\/es\/terapia-per-adolescents\/\" \/>\n<meta property=\"og:site_name\" content=\"Centro Mevis\" \/>\n<meta property=\"article:publisher\" content=\"https:\/\/www.facebook.com\/centromevis\/\" \/>\n<meta property=\"article:modified_time\" content=\"2025-02-18T13:07:40+00:00\" \/>\n<meta property=\"og:image\" content=\"https:\/\/www.centromevis.cat\/wp-content\/uploads\/2022\/09\/Centromevis-Platja-dAro-Serveis-Terapia-para-adolescentes-01.webp\" \/>\n<meta name=\"twitter:card\" content=\"summary_large_image\" \/>\n<meta name=\"twitter:label1\" content=\"Tiempo de lectura\" \/>\n\t<meta name=\"twitter:data1\" content=\"5 minutos\" \/>\n<script type=\"application\/ld+json\" class=\"yoast-schema-graph\">{\"@context\":\"https:\\\/\\\/schema.org\",\"@graph\":[{\"@type\":\"WebPage\",\"@id\":\"https:\\\/\\\/www.centromevis.cat\\\/es\\\/terapia-per-adolescents\\\/\",\"url\":\"https:\\\/\\\/www.centromevis.cat\\\/es\\\/terapia-per-adolescents\\\/\",\"name\":\"Terapia para adolescentes en Platja d'Aro y Girona - Centro Mevis\",\"isPartOf\":{\"@id\":\"https:\\\/\\\/www.centromevis.cat\\\/es\\\/#website\"},\"primaryImageOfPage\":{\"@id\":\"https:\\\/\\\/www.centromevis.cat\\\/es\\\/terapia-per-adolescents\\\/#primaryimage\"},\"image\":{\"@id\":\"https:\\\/\\\/www.centromevis.cat\\\/terapia-per-adolescents\\\/#primaryimage\"},\"thumbnailUrl\":\"https:\\\/\\\/www.centromevis.cat\\\/wp-content\\\/uploads\\\/2022\\\/09\\\/Centromevis-Platja-dAro-Serveis-Terapia-para-adolescentes-01.webp\",\"datePublished\":\"2022-09-08T14:29:54+00:00\",\"dateModified\":\"2025-02-18T13:07:40+00:00\",\"breadcrumb\":{\"@id\":\"https:\\\/\\\/www.centromevis.cat\\\/es\\\/terapia-per-adolescents\\\/#breadcrumb\"},\"inLanguage\":\"es\",\"potentialAction\":[{\"@type\":\"ReadAction\",\"target\":[[\"https:\\\/\\\/www.centromevis.cat\\\/es\\\/terapia-per-adolescents\\\/\"]]}]},{\"@type\":\"ImageObject\",\"inLanguage\":\"es\",\"@id\":\"https:\\\/\\\/www.centromevis.cat\\\/es\\\/terapia-per-adolescents\\\/#primaryimage\",\"url\":\"https:\\\/\\\/www.centromevis.cat\\\/wp-content\\\/uploads\\\/2022\\\/09\\\/Centromevis-Platja-dAro-Serveis-Terapia-para-adolescentes-01.webp\",\"contentUrl\":\"https:\\\/\\\/www.centromevis.cat\\\/wp-content\\\/uploads\\\/2022\\\/09\\\/Centromevis-Platja-dAro-Serveis-Terapia-para-adolescentes-01.webp\"},{\"@type\":\"BreadcrumbList\",\"@id\":\"https:\\\/\\\/www.centromevis.cat\\\/es\\\/terapia-per-adolescents\\\/#breadcrumb\",\"itemListElement\":[{\"@type\":\"ListItem\",\"position\":1,\"name\":\"Home\",\"item\":\"https:\\\/\\\/www.centromevis.cat\\\/es\\\/\"},{\"@type\":\"ListItem\",\"position\":2,\"name\":\"Ter\u00e0pia per adolescents a Platja d\u2019Aro i Girona\"}]},{\"@type\":\"WebSite\",\"@id\":\"https:\\\/\\\/www.centromevis.cat\\\/es\\\/#website\",\"url\":\"https:\\\/\\\/www.centromevis.cat\\\/es\\\/\",\"name\":\"Centro Mevis\",\"description\":\"Platja d&#039;Aro\",\"publisher\":{\"@id\":\"https:\\\/\\\/www.centromevis.cat\\\/es\\\/#organization\"},\"potentialAction\":[{\"@type\":\"SearchAction\",\"target\":{\"@type\":\"EntryPoint\",\"urlTemplate\":\"https:\\\/\\\/www.centromevis.cat\\\/es\\\/?s={search_term_string}\"},\"query-input\":{\"@type\":\"PropertyValueSpecification\",\"valueRequired\":true,\"valueName\":\"search_term_string\"}}],\"inLanguage\":\"es\"},{\"@type\":\"Organization\",\"@id\":\"https:\\\/\\\/www.centromevis.cat\\\/es\\\/#organization\",\"name\":\"CentroMevis\",\"url\":\"https:\\\/\\\/www.centromevis.cat\\\/es\\\/\",\"logo\":{\"@type\":\"ImageObject\",\"inLanguage\":\"es\",\"@id\":\"https:\\\/\\\/www.centromevis.cat\\\/es\\\/#\\\/schema\\\/logo\\\/image\\\/\",\"url\":\"https:\\\/\\\/www.centromevis.cat\\\/wp-content\\\/uploads\\\/2018\\\/01\\\/Centromevis-LGM-.png\",\"contentUrl\":\"https:\\\/\\\/www.centromevis.cat\\\/wp-content\\\/uploads\\\/2018\\\/01\\\/Centromevis-LGM-.png\",\"width\":400,\"height\":69,\"caption\":\"CentroMevis\"},\"image\":{\"@id\":\"https:\\\/\\\/www.centromevis.cat\\\/es\\\/#\\\/schema\\\/logo\\\/image\\\/\"},\"sameAs\":[\"https:\\\/\\\/www.facebook.com\\\/centromevis\\\/\",\"https:\\\/\\\/www.instagram.com\\\/centromevis\\\/\",\"https:\\\/\\\/www.youtube.com\\\/channel\\\/UCoYWLtZB5SfhEb7_i87h2Iw\"]}]}<\/script>\n<!-- \/ Yoast SEO plugin. -->","yoast_head_json":{"title":"Terapia para adolescentes en Platja d'Aro y Girona - Centro Mevis","robots":{"index":"index","follow":"follow","max-snippet":"max-snippet:-1","max-image-preview":"max-image-preview:large","max-video-preview":"max-video-preview:-1"},"canonical":"https:\/\/www.centromevis.cat\/es\/terapia-per-adolescents\/","og_locale":"es_ES","og_type":"article","og_title":"Terapia para adolescentes en Platja d'Aro y Girona - Centro Mevis","og_description":"\u00bfPor qu\u00e9 puedes necesitar terapia Gestalt en Girona y Platja d\u2019Aro\u00a0para adolescentes? La adolescencia es una etapa evolutiva y crucial del desarrollo de la persona. Tienen presencia los cambios m\u00e1s importantes a nivel f\u00edsico, emocional y relacional. Tenemos que tener en cuenta que en la adolescencia \u00a0los valores personales del adolescente se contraponen a los valores familiares y ello en ocasiones puede generar algunas discusiones. Lo importante es entender que esto sucede por y para la reafirmaci\u00f3n de su identidad. Una de las primeras referencias que me gusta comentar en el acompa\u00f1amiento en adolescentes es la parte de la presencia en el \u201cAqu\u00ed y Ahora\u201d. Ellos viven constantemente en este espacio\/tiempo por excelencia, donde convive el presente, en estado puro, con el pasado y el futuro. Por este motivo, a los adultos, les cuesta llegar a entender muchas de las situaciones que a menudo les suceden. \u00a0Etapa que a veces&hellip;  Read more","og_url":"https:\/\/www.centromevis.cat\/es\/terapia-per-adolescents\/","og_site_name":"Centro Mevis","article_publisher":"https:\/\/www.facebook.com\/centromevis\/","article_modified_time":"2025-02-18T13:07:40+00:00","og_image":[{"url":"https:\/\/www.centromevis.cat\/wp-content\/uploads\/2022\/09\/Centromevis-Platja-dAro-Serveis-Terapia-para-adolescentes-01.webp","type":"","width":"","height":""}],"twitter_card":"summary_large_image","twitter_misc":{"Tiempo de lectura":"5 minutos"},"schema":{"@context":"https:\/\/schema.org","@graph":[{"@type":"WebPage","@id":"https:\/\/www.centromevis.cat\/es\/terapia-per-adolescents\/","url":"https:\/\/www.centromevis.cat\/es\/terapia-per-adolescents\/","name":"Terapia para adolescentes en Platja d'Aro y Girona - Centro Mevis","isPartOf":{"@id":"https:\/\/www.centromevis.cat\/es\/#website"},"primaryImageOfPage":{"@id":"https:\/\/www.centromevis.cat\/es\/terapia-per-adolescents\/#primaryimage"},"image":{"@id":"https:\/\/www.centromevis.cat\/terapia-per-adolescents\/#primaryimage"},"thumbnailUrl":"https:\/\/www.centromevis.cat\/wp-content\/uploads\/2022\/09\/Centromevis-Platja-dAro-Serveis-Terapia-para-adolescentes-01.webp","datePublished":"2022-09-08T14:29:54+00:00","dateModified":"2025-02-18T13:07:40+00:00","breadcrumb":{"@id":"https:\/\/www.centromevis.cat\/es\/terapia-per-adolescents\/#breadcrumb"},"inLanguage":"es","potentialAction":[{"@type":"ReadAction","target":[["https:\/\/www.centromevis.cat\/es\/terapia-per-adolescents\/"]]}]},{"@type":"ImageObject","inLanguage":"es","@id":"https:\/\/www.centromevis.cat\/es\/terapia-per-adolescents\/#primaryimage","url":"https:\/\/www.centromevis.cat\/wp-content\/uploads\/2022\/09\/Centromevis-Platja-dAro-Serveis-Terapia-para-adolescentes-01.webp","contentUrl":"https:\/\/www.centromevis.cat\/wp-content\/uploads\/2022\/09\/Centromevis-Platja-dAro-Serveis-Terapia-para-adolescentes-01.webp"},{"@type":"BreadcrumbList","@id":"https:\/\/www.centromevis.cat\/es\/terapia-per-adolescents\/#breadcrumb","itemListElement":[{"@type":"ListItem","position":1,"name":"Home","item":"https:\/\/www.centromevis.cat\/es\/"},{"@type":"ListItem","position":2,"name":"Ter\u00e0pia per adolescents a Platja d\u2019Aro i Girona"}]},{"@type":"WebSite","@id":"https:\/\/www.centromevis.cat\/es\/#website","url":"https:\/\/www.centromevis.cat\/es\/","name":"Centro Mevis","description":"Platja d&#039;Aro","publisher":{"@id":"https:\/\/www.centromevis.cat\/es\/#organization"},"potentialAction":[{"@type":"SearchAction","target":{"@type":"EntryPoint","urlTemplate":"https:\/\/www.centromevis.cat\/es\/?s={search_term_string}"},"query-input":{"@type":"PropertyValueSpecification","valueRequired":true,"valueName":"search_term_string"}}],"inLanguage":"es"},{"@type":"Organization","@id":"https:\/\/www.centromevis.cat\/es\/#organization","name":"CentroMevis","url":"https:\/\/www.centromevis.cat\/es\/","logo":{"@type":"ImageObject","inLanguage":"es","@id":"https:\/\/www.centromevis.cat\/es\/#\/schema\/logo\/image\/","url":"https:\/\/www.centromevis.cat\/wp-content\/uploads\/2018\/01\/Centromevis-LGM-.png","contentUrl":"https:\/\/www.centromevis.cat\/wp-content\/uploads\/2018\/01\/Centromevis-LGM-.png","width":400,"height":69,"caption":"CentroMevis"},"image":{"@id":"https:\/\/www.centromevis.cat\/es\/#\/schema\/logo\/image\/"},"sameAs":["https:\/\/www.facebook.com\/centromevis\/","https:\/\/www.instagram.com\/centromevis\/","https:\/\/www.youtube.com\/channel\/UCoYWLtZB5SfhEb7_i87h2Iw"]}]}},"_links":{"self":[{"href":"https:\/\/www.centromevis.cat\/es\/wp-json\/wp\/v2\/pages\/5252","targetHints":{"allow":["GET"]}}],"collection":[{"href":"https:\/\/www.centromevis.cat\/es\/wp-json\/wp\/v2\/pages"}],"about":[{"href":"https:\/\/www.centromevis.cat\/es\/wp-json\/wp\/v2\/types\/page"}],"author":[{"embeddable":true,"href":"https:\/\/www.centromevis.cat\/es\/wp-json\/wp\/v2\/users\/1"}],"replies":[{"embeddable":true,"href":"https:\/\/www.centromevis.cat\/es\/wp-json\/wp\/v2\/comments?post=5252"}],"version-history":[{"count":9,"href":"https:\/\/www.centromevis.cat\/es\/wp-json\/wp\/v2\/pages\/5252\/revisions"}],"predecessor-version":[{"id":6127,"href":"https:\/\/www.centromevis.cat\/es\/wp-json\/wp\/v2\/pages\/5252\/revisions\/6127"}],"wp:attachment":[{"href":"https:\/\/www.centromevis.cat\/es\/wp-json\/wp\/v2\/media?parent=5252"}],"curies":[{"name":"wp","href":"https:\/\/api.w.org\/{rel}","templated":true}]}}