{"id":2345,"date":"2021-06-08T17:47:07","date_gmt":"2021-06-08T15:47:07","guid":{"rendered":"https:\/\/www.centromevis.cat\/?page_id=2345"},"modified":"2021-08-05T12:19:13","modified_gmt":"2021-08-05T10:19:13","slug":"sessio-de-valoracio","status":"publish","type":"page","link":"https:\/\/www.centromevis.cat\/es\/sessio-de-valoracio\/","title":{"rendered":"Sesi\u00f3n de valoraci\u00f3n"},"content":{"rendered":"\t\t<div data-elementor-type=\"wp-page\" data-elementor-id=\"2345\" class=\"elementor elementor-2345\" data-elementor-post-type=\"page\">\n\t\t\t\t\t\t<section class=\"elementor-section elementor-top-section elementor-element elementor-element-1c115387 elementor-section-full_width elementor-section-height-default elementor-section-height-default\" data-id=\"1c115387\" data-element_type=\"section\" data-e-type=\"section\">\n\t\t\t\t\t\t<div class=\"elementor-container elementor-column-gap-no\">\n\t\t\t\t\t<div class=\"elementor-column elementor-col-100 elementor-top-column elementor-element elementor-element-2567c5ad\" data-id=\"2567c5ad\" data-element_type=\"column\" data-e-type=\"column\">\n\t\t\t<div class=\"elementor-widget-wrap elementor-element-populated\">\n\t\t\t\t\t\t<div class=\"elementor-element elementor-element-34a7c32 elementor-widget elementor-widget-heading\" data-id=\"34a7c32\" data-element_type=\"widget\" data-e-type=\"widget\" data-widget_type=\"heading.default\">\n\t\t\t\t<div class=\"elementor-widget-container\">\n\t\t\t\t\t<h2 class=\"elementor-heading-title elementor-size-default\">Sesi\u00f3n de valoraci\u00f3n gratuita<\/h2>\t\t\t\t<\/div>\n\t\t\t\t<\/div>\n\t\t\t\t<div class=\"elementor-element elementor-element-92d001f elementor-widget elementor-widget-text-editor\" data-id=\"92d001f\" data-element_type=\"widget\" data-e-type=\"widget\" data-widget_type=\"text-editor.default\">\n\t\t\t\t<div class=\"elementor-widget-container\">\n\t\t\t\t\t\t\t\t\t<p><strong>Rellena el formulario que encontrar\u00e1s m\u00e1s abajo <\/strong>y en breve me pondr\u00e9 en contacto contigo para conocernos mejor. Toda la informaci\u00f3n la trataremos con la m\u00e1s estricta confidencialidad.<\/p>\t\t\t\t\t\t\t\t<\/div>\n\t\t\t\t<\/div>\n\t\t\t\t\t<\/div>\n\t\t<\/div>\n\t\t\t\t\t<\/div>\n\t\t<\/section>\n\t\t\t\t<section class=\"elementor-section elementor-top-section elementor-element elementor-element-a314b29 elementor-section-full_width elementor-section-height-default elementor-section-height-default\" data-id=\"a314b29\" data-element_type=\"section\" data-e-type=\"section\">\n\t\t\t\t\t\t<div class=\"elementor-container elementor-column-gap-no\">\n\t\t\t\t\t<div class=\"elementor-column elementor-col-100 elementor-top-column elementor-element elementor-element-4bb1d8c\" data-id=\"4bb1d8c\" data-element_type=\"column\" data-e-type=\"column\">\n\t\t\t<div class=\"elementor-widget-wrap elementor-element-populated\">\n\t\t\t\t\t\t<div class=\"elementor-element elementor-element-f9f6687 elementor-button-align-start elementor-widget elementor-widget-form\" data-id=\"f9f6687\" data-element_type=\"widget\" data-e-type=\"widget\" data-settings=\"{&quot;step_next_label&quot;:&quot;Next&quot;,&quot;step_previous_label&quot;:&quot;Previous&quot;,&quot;button_width&quot;:&quot;100&quot;,&quot;step_type&quot;:&quot;number_text&quot;,&quot;step_icon_shape&quot;:&quot;circle&quot;}\" data-widget_type=\"form.default\">\n\t\t\t\t<div class=\"elementor-widget-container\">\n\t\t\t\t\t\t\t<form class=\"elementor-form\" method=\"post\" name=\"Nuevo Formulario\" aria-label=\"Nuevo Formulario\">\n\t\t\t<input type=\"hidden\" name=\"post_id\" value=\"2345\"\/>\n\t\t\t<input type=\"hidden\" name=\"form_id\" value=\"f9f6687\"\/>\n\t\t\t<input type=\"hidden\" name=\"referer_title\" value=\"Sesi\u00f3n de valoraci\u00f3n - Centro Mevis\" \/>\n\n\t\t\t\t\t\t\t<input type=\"hidden\" name=\"queried_id\" value=\"2345\"\/>\n\t\t\t\n\t\t\t<div class=\"elementor-form-fields-wrapper elementor-labels-\">\n\t\t\t\t\t\t\t\t<div class=\"elementor-field-type-text elementor-field-group elementor-column elementor-field-group-nom elementor-col-50 elementor-field-required\">\n\t\t\t\t\t\t\t\t\t\t\t\t<label for=\"form-field-nom\" class=\"elementor-field-label elementor-screen-only\">\n\t\t\t\t\t\t\t\tTu Nombre\t\t\t\t\t\t\t<\/label>\n\t\t\t\t\t\t\t\t\t\t\t\t\t\t<input size=\"1\" type=\"text\" name=\"form_fields[nom]\" id=\"form-field-nom\" class=\"elementor-field elementor-size-md  elementor-field-textual\" placeholder=\"Tu Nombre\" required=\"required\">\n\t\t\t\t\t\t\t\t\t\t\t<\/div>\n\t\t\t\t\t\t\t\t<div class=\"elementor-field-type-email elementor-field-group elementor-column elementor-field-group-email elementor-col-50 elementor-field-required\">\n\t\t\t\t\t\t\t\t\t\t\t\t<label for=\"form-field-email\" class=\"elementor-field-label elementor-screen-only\">\n\t\t\t\t\t\t\t\tTu Correo electr\u00f3nico\t\t\t\t\t\t\t<\/label>\n\t\t\t\t\t\t\t\t\t\t\t\t\t\t<input size=\"1\" type=\"email\" name=\"form_fields[email]\" id=\"form-field-email\" class=\"elementor-field elementor-size-md  elementor-field-textual\" placeholder=\"Tu Correo electr\u00f3nico\" required=\"required\">\n\t\t\t\t\t\t\t\t\t\t\t<\/div>\n\t\t\t\t\t\t\t\t<div class=\"elementor-field-type-tel elementor-field-group elementor-column elementor-field-group-mobil elementor-col-50 elementor-sm-100 elementor-field-required\">\n\t\t\t\t\t\t\t\t\t\t\t\t<label for=\"form-field-mobil\" class=\"elementor-field-label elementor-screen-only\">\n\t\t\t\t\t\t\t\tTu n\u00famero de tel. m\u00f3vil para poder confirmar la sesi\u00f3n\t\t\t\t\t\t\t<\/label>\n\t\t\t\t\t\t\t\t<input size=\"1\" type=\"tel\" name=\"form_fields[mobil]\" id=\"form-field-mobil\" class=\"elementor-field elementor-size-md  elementor-field-textual\" placeholder=\"Tu n\u00famero de tel. m\u00f3vil para poder confirmar la sesi\u00f3n\" required=\"required\" pattern=\"[0-9()#&amp;+*-=.]+\" title=\"Solo se aceptan n\u00fameros y caracteres de tel\u00e9fono (#,-,*,etc).\">\n\n\t\t\t\t\t\t<\/div>\n\t\t\t\t\t\t\t\t<div class=\"elementor-field-type-text elementor-field-group elementor-column elementor-field-group-ciutat elementor-col-50 elementor-field-required\">\n\t\t\t\t\t\t\t\t\t\t\t\t<label for=\"form-field-ciutat\" class=\"elementor-field-label elementor-screen-only\">\n\t\t\t\t\t\t\t\tCiudad\/Pa\u00eds\t\t\t\t\t\t\t<\/label>\n\t\t\t\t\t\t\t\t\t\t\t\t\t\t<input size=\"1\" type=\"text\" name=\"form_fields[ciutat]\" id=\"form-field-ciutat\" class=\"elementor-field elementor-size-md  elementor-field-textual\" placeholder=\"Ciudad\/Pa\u00eds\" required=\"required\">\n\t\t\t\t\t\t\t\t\t\t\t<\/div>\n\t\t\t\t\t\t\t\t<div class=\"elementor-field-type-textarea elementor-field-group elementor-column elementor-field-group-situacio elementor-col-100 elementor-field-required\">\n\t\t\t\t\t\t\t\t\t\t\t\t<label for=\"form-field-situacio\" class=\"elementor-field-label elementor-screen-only\">\n\t\t\t\t\t\t\t\t\u00bfPuedes dedicar unas l\u00edneas a contarme cu\u00e1l es tu situaci\u00f3n actual?\t\t\t\t\t\t\t<\/label>\n\t\t\t\t\t\t<textarea class=\"elementor-field-textual elementor-field  elementor-size-md\" name=\"form_fields[situacio]\" id=\"form-field-situacio\" rows=\"4\" placeholder=\"\u00bfPuedes dedicar unas l\u00edneas a contarme cu\u00e1l es tu situaci\u00f3n actual?\" required=\"required\"><\/textarea>\t\t\t\t<\/div>\n\t\t\t\t\t\t\t\t<div class=\"elementor-field-type-textarea elementor-field-group elementor-column elementor-field-group-ajuda elementor-col-100 elementor-field-required\">\n\t\t\t\t\t\t\t\t\t\t\t\t<label for=\"form-field-ajuda\" class=\"elementor-field-label elementor-screen-only\">\n\t\t\t\t\t\t\t\t\u00bfQu\u00e9 te gustar\u00eda conseguir con mi ayuda?\t\t\t\t\t\t\t<\/label>\n\t\t\t\t\t\t<textarea class=\"elementor-field-textual elementor-field  elementor-size-md\" name=\"form_fields[ajuda]\" id=\"form-field-ajuda\" rows=\"4\" placeholder=\"\u00bfQu\u00e9 te gustar\u00eda conseguir con mi ayuda?\" required=\"required\"><\/textarea>\t\t\t\t<\/div>\n\t\t\t\t\t\t\t\t<div class=\"elementor-field-type-text\">\n\t\t\t\t\t<input size=\"1\" type=\"text\" name=\"form_fields[field_2890d80]\" id=\"form-field-field_2890d80\" class=\"elementor-field elementor-size-md \" style=\"display:none !important;\">\t\t\t\t<\/div>\n\t\t\t\t\t\t\t\t<div class=\"elementor-field-type-acceptance elementor-field-group elementor-column elementor-field-group-field_e0a8ac7 elementor-col-100 elementor-field-required\">\n\t\t\t\t\t\t\t\t\t\t\t\t<label for=\"form-field-field_e0a8ac7\" class=\"elementor-field-label elementor-screen-only\">\n\t\t\t\t\t\t\t\tTermes i condicions\t\t\t\t\t\t\t<\/label>\n\t\t\t\t\t\t\t\t<div class=\"elementor-field-subgroup\">\n\t\t\t<span class=\"elementor-field-option\">\n\t\t\t\t<input type=\"checkbox\" name=\"form_fields[field_e0a8ac7]\" id=\"form-field-field_e0a8ac7\" class=\"elementor-field elementor-size-md  elementor-acceptance-field\" required=\"required\">\n\t\t\t\t<label for=\"form-field-field_e0a8ac7\">He le\u00eddo y acepto los t\u00e9rminos y condiciones de <a href=https:\/\/www.centromevis.cat\/politica-de-privacitat\/ target='_blank'><em>protecci\u00f3n de datos y pol\u00edtica de privacidad.<\/em><\/a><\/label>\t\t\t<\/span>\n\t\t<\/div>\n\t\t\t\t\t\t<\/div>\n\t\t\t\t\t\t\t\t<div class=\"elementor-field-type-acceptance elementor-field-group elementor-column elementor-field-group-field_ecaf849 elementor-col-100 elementor-field-required\">\n\t\t\t\t\t\t\t\t\t\t\t\t<label for=\"form-field-field_ecaf849\" class=\"elementor-field-label elementor-screen-only\">\n\t\t\t\t\t\t\t\tAutoritzo\t\t\t\t\t\t\t<\/label>\n\t\t\t\t\t\t\t\t<div class=\"elementor-field-subgroup\">\n\t\t\t<span class=\"elementor-field-option\">\n\t\t\t\t<input type=\"checkbox\" name=\"form_fields[field_ecaf849]\" id=\"form-field-field_ecaf849\" class=\"elementor-field elementor-size-md  elementor-acceptance-field\" required=\"required\">\n\t\t\t\t<label for=\"form-field-field_ecaf849\">Autorizo al tratamiento de mis datos para poder recibir informaci\u00f3n por medios electr\u00f3nicos.<\/label>\t\t\t<\/span>\n\t\t<\/div>\n\t\t\t\t\t\t<\/div>\n\t\t\t\t\t\t\t\t<div class=\"elementor-field-group elementor-column elementor-field-type-submit elementor-col-100 e-form__buttons\">\n\t\t\t\t\t<button class=\"elementor-button elementor-size-xs\" type=\"submit\">\n\t\t\t\t\t\t<span class=\"elementor-button-content-wrapper\">\n\t\t\t\t\t\t\t\t\t\t\t\t\t\t\t\t\t\t\t\t\t\t<span class=\"elementor-button-text\">ENVIAR<\/span>\n\t\t\t\t\t\t\t\t\t\t\t\t\t<\/span>\n\t\t\t\t\t<\/button>\n\t\t\t\t<\/div>\n\t\t\t<\/div>\n\t\t<\/form>\n\t\t\t\t\t\t<\/div>\n\t\t\t\t<\/div>\n\t\t\t\t<div class=\"elementor-element elementor-element-8b62cce elementor-widget elementor-widget-toggle\" data-id=\"8b62cce\" data-element_type=\"widget\" data-e-type=\"widget\" data-widget_type=\"toggle.default\">\n\t\t\t\t<div class=\"elementor-widget-container\">\n\t\t\t\t\t\t\t<div class=\"elementor-toggle\">\n\t\t\t\t\t\t\t<div class=\"elementor-toggle-item\">\n\t\t\t\t\t<div id=\"elementor-tab-title-1461\" class=\"elementor-tab-title\" data-tab=\"1\" role=\"button\" aria-controls=\"elementor-tab-content-1461\" aria-expanded=\"false\">\n\t\t\t\t\t\t\t\t\t\t\t\t<span class=\"elementor-toggle-icon elementor-toggle-icon-right\" aria-hidden=\"true\">\n\t\t\t\t\t\t\t\t\t\t\t\t\t\t\t<span class=\"elementor-toggle-icon-closed\"><i class=\"fas fa-chevron-right\"><\/i><\/span>\n\t\t\t\t\t\t\t\t<span class=\"elementor-toggle-icon-opened\"><i class=\"elementor-toggle-icon-opened fas fa-chevron-down\"><\/i><\/span>\n\t\t\t\t\t\t\t\t\t\t\t\t\t<\/span>\n\t\t\t\t\t\t\t\t\t\t\t\t<a class=\"elementor-toggle-title\" tabindex=\"0\">Informaci\u00f3n b\u00e1sica sobre el tratamiento de datos - Reglamento (UE) 2016\/679<\/a>\n\t\t\t\t\t<\/div>\n\n\t\t\t\t\t<div id=\"elementor-tab-content-1461\" class=\"elementor-tab-content elementor-clearfix\" data-tab=\"1\" role=\"region\" aria-labelledby=\"elementor-tab-title-1461\"><p><b>Centromevis<\/b> informa que los datos de car\u00e1cter personal que nos proporciones rellenando este formulario ser\u00e1n tratados por nuestra empresa como responsable \u00faltima de esta web | La finalidad de la recogida y tratamiento de los datos personales que te solicitamos es enviarte nuestras publicaciones, promociones de productos y\/o servicios y recursos exclusivos | Al marcar la casilla de aceptaci\u00f3n, est\u00e1s dando tu leg\u00edtimo consentimiento para que tus datos sean tratados conforme a las finalidades de este formulario descritas en la <a href=\"https:\/\/www.centromevis.cat\/politica-de-privacitat\/\" target=\"_blank\" rel=\"noopener\"><b>pol\u00edtica de privacidad<\/b><\/a> | Como usuario e interesado te informamos que los datos que nos facilitas estar\u00e1n ubicados en los servidores de <b>Estudi 33<\/b> (proveedor de email marketing), garantizando la empresa unos niveles de seguridad adecuados (<a href=\"https:\/\/www.estudi33.net\/politica-de-privacitat\/\" target=\"_blank\" rel=\"noopener\">ver <b>pol\u00edtica de privacidad de Estudi 33<\/b><\/a>) | Podr\u00e1s ejercer tus derechos de acceso, rectificaci\u00f3n, limitaci\u00f3n y suprimir los datos en <a href=\"info@centromevis.cat\"><b>info@centromevis.cat<\/b><\/a>. Puedes consultar la informaci\u00f3n adicional y detallada sobre Protecci\u00f3n de Datos en nuestra <a href=\"https:\/\/www.centromevis.cat\/politica-de-privacitat\/\" target=\"_blank\" rel=\"noopener\"><b>pol\u00edtica de privacidad<\/b><\/a>.<\/p><\/div>\n\t\t\t\t<\/div>\n\t\t\t\t\t\t\t\t<\/div>\n\t\t\t\t\t\t<\/div>\n\t\t\t\t<\/div>\n\t\t\t\t\t<\/div>\n\t\t<\/div>\n\t\t\t\t\t<\/div>\n\t\t<\/section>\n\t\t\t\t<\/div>\n\t\t","protected":false},"excerpt":{"rendered":"<p>Sesi\u00f3n de valoraci\u00f3n gratuita Rellena el formulario que encontrar\u00e1s m\u00e1s abajo y en breve me pondr\u00e9 en contacto contigo para conocernos mejor. Toda la informaci\u00f3n la trataremos con la m\u00e1s estricta confidencialidad. Informaci\u00f3n b\u00e1sica sobre el tratamiento de datos &#8211; Reglamento (UE) 2016\/679 Centromevis informa que los datos de car\u00e1cter personal que nos proporciones rellenando este formulario ser\u00e1n tratados por nuestra empresa como responsable \u00faltima de esta web | La finalidad de la recogida y tratamiento de los datos personales que te solicitamos es enviarte nuestras publicaciones, promociones de productos y\/o servicios y recursos exclusivos | Al marcar la casilla de aceptaci\u00f3n, est\u00e1s dando tu leg\u00edtimo consentimiento para que tus datos sean tratados conforme a las finalidades de este formulario descritas en la pol\u00edtica de privacidad | Como usuario e interesado te informamos que los datos que nos facilitas estar\u00e1n ubicados en los servidores de Estudi 33 (proveedor de email&hellip;<\/p>\n<p> <a class=\"more-link\" href=\"https:\/\/www.centromevis.cat\/es\/sessio-de-valoracio\/\">Read more<\/a><\/p>\n","protected":false},"author":1,"featured_media":0,"parent":0,"menu_order":0,"comment_status":"closed","ping_status":"closed","template":"","meta":{"footnotes":""},"class_list":["post-2345","page","type-page","status-publish"],"yoast_head":"<!-- This site is optimized with the Yoast SEO plugin v27.5 - https:\/\/yoast.com\/product\/yoast-seo-wordpress\/ -->\n<title>Sesi\u00f3n de valoraci\u00f3n - Centro Mevis<\/title>\n<meta name=\"robots\" content=\"index, follow, max-snippet:-1, max-image-preview:large, max-video-preview:-1\" \/>\n<link rel=\"canonical\" href=\"https:\/\/www.centromevis.cat\/es\/sessio-de-valoracio\/\" \/>\n<meta property=\"og:locale\" content=\"es_ES\" \/>\n<meta property=\"og:type\" content=\"article\" \/>\n<meta property=\"og:title\" content=\"Sesi\u00f3n de valoraci\u00f3n - Centro Mevis\" \/>\n<meta property=\"og:description\" content=\"Sesi\u00f3n de valoraci\u00f3n gratuita Rellena el formulario que encontrar\u00e1s m\u00e1s abajo y en breve me pondr\u00e9 en contacto contigo para conocernos mejor. Toda la informaci\u00f3n la trataremos con la m\u00e1s estricta confidencialidad. Informaci\u00f3n b\u00e1sica sobre el tratamiento de datos &#8211; Reglamento (UE) 2016\/679 Centromevis informa que los datos de car\u00e1cter personal que nos proporciones rellenando este formulario ser\u00e1n tratados por nuestra empresa como responsable \u00faltima de esta web | La finalidad de la recogida y tratamiento de los datos personales que te solicitamos es enviarte nuestras publicaciones, promociones de productos y\/o servicios y recursos exclusivos | Al marcar la casilla de aceptaci\u00f3n, est\u00e1s dando tu leg\u00edtimo consentimiento para que tus datos sean tratados conforme a las finalidades de este formulario descritas en la pol\u00edtica de privacidad | Como usuario e interesado te informamos que los datos que nos facilitas estar\u00e1n ubicados en los servidores de Estudi 33 (proveedor de email&hellip;  Read more\" \/>\n<meta property=\"og:url\" content=\"https:\/\/www.centromevis.cat\/es\/sessio-de-valoracio\/\" \/>\n<meta property=\"og:site_name\" content=\"Centro Mevis\" \/>\n<meta property=\"article:publisher\" content=\"https:\/\/www.facebook.com\/centromevis\/\" \/>\n<meta property=\"article:modified_time\" content=\"2021-08-05T10:19:13+00:00\" \/>\n<meta name=\"twitter:card\" content=\"summary_large_image\" \/>\n<meta name=\"twitter:label1\" content=\"Tiempo de lectura\" \/>\n\t<meta name=\"twitter:data1\" content=\"3 minutos\" \/>\n<script type=\"application\/ld+json\" class=\"yoast-schema-graph\">{\"@context\":\"https:\\\/\\\/schema.org\",\"@graph\":[{\"@type\":\"WebPage\",\"@id\":\"https:\\\/\\\/www.centromevis.cat\\\/es\\\/sessio-de-valoracio\\\/\",\"url\":\"https:\\\/\\\/www.centromevis.cat\\\/es\\\/sessio-de-valoracio\\\/\",\"name\":\"Sesi\u00f3n de valoraci\u00f3n - Centro Mevis\",\"isPartOf\":{\"@id\":\"https:\\\/\\\/www.centromevis.cat\\\/es\\\/#website\"},\"datePublished\":\"2021-06-08T15:47:07+00:00\",\"dateModified\":\"2021-08-05T10:19:13+00:00\",\"breadcrumb\":{\"@id\":\"https:\\\/\\\/www.centromevis.cat\\\/es\\\/sessio-de-valoracio\\\/#breadcrumb\"},\"inLanguage\":\"es\",\"potentialAction\":[{\"@type\":\"ReadAction\",\"target\":[[\"https:\\\/\\\/www.centromevis.cat\\\/es\\\/sessio-de-valoracio\\\/\"]]}]},{\"@type\":\"BreadcrumbList\",\"@id\":\"https:\\\/\\\/www.centromevis.cat\\\/es\\\/sessio-de-valoracio\\\/#breadcrumb\",\"itemListElement\":[{\"@type\":\"ListItem\",\"position\":1,\"name\":\"Home\",\"item\":\"https:\\\/\\\/www.centromevis.cat\\\/es\\\/\"},{\"@type\":\"ListItem\",\"position\":2,\"name\":\"Sessi\u00f3 de valoraci\u00f3\"}]},{\"@type\":\"WebSite\",\"@id\":\"https:\\\/\\\/www.centromevis.cat\\\/es\\\/#website\",\"url\":\"https:\\\/\\\/www.centromevis.cat\\\/es\\\/\",\"name\":\"Centro Mevis\",\"description\":\"Platja d&#039;Aro\",\"publisher\":{\"@id\":\"https:\\\/\\\/www.centromevis.cat\\\/es\\\/#organization\"},\"potentialAction\":[{\"@type\":\"SearchAction\",\"target\":{\"@type\":\"EntryPoint\",\"urlTemplate\":\"https:\\\/\\\/www.centromevis.cat\\\/es\\\/?s={search_term_string}\"},\"query-input\":{\"@type\":\"PropertyValueSpecification\",\"valueRequired\":true,\"valueName\":\"search_term_string\"}}],\"inLanguage\":\"es\"},{\"@type\":\"Organization\",\"@id\":\"https:\\\/\\\/www.centromevis.cat\\\/es\\\/#organization\",\"name\":\"CentroMevis\",\"url\":\"https:\\\/\\\/www.centromevis.cat\\\/es\\\/\",\"logo\":{\"@type\":\"ImageObject\",\"inLanguage\":\"es\",\"@id\":\"https:\\\/\\\/www.centromevis.cat\\\/es\\\/#\\\/schema\\\/logo\\\/image\\\/\",\"url\":\"https:\\\/\\\/www.centromevis.cat\\\/wp-content\\\/uploads\\\/2018\\\/01\\\/Centromevis-LGM-.png\",\"contentUrl\":\"https:\\\/\\\/www.centromevis.cat\\\/wp-content\\\/uploads\\\/2018\\\/01\\\/Centromevis-LGM-.png\",\"width\":400,\"height\":69,\"caption\":\"CentroMevis\"},\"image\":{\"@id\":\"https:\\\/\\\/www.centromevis.cat\\\/es\\\/#\\\/schema\\\/logo\\\/image\\\/\"},\"sameAs\":[\"https:\\\/\\\/www.facebook.com\\\/centromevis\\\/\",\"https:\\\/\\\/www.instagram.com\\\/centromevis\\\/\",\"https:\\\/\\\/www.youtube.com\\\/channel\\\/UCoYWLtZB5SfhEb7_i87h2Iw\"]}]}<\/script>\n<!-- \/ Yoast SEO plugin. -->","yoast_head_json":{"title":"Sesi\u00f3n de valoraci\u00f3n - Centro Mevis","robots":{"index":"index","follow":"follow","max-snippet":"max-snippet:-1","max-image-preview":"max-image-preview:large","max-video-preview":"max-video-preview:-1"},"canonical":"https:\/\/www.centromevis.cat\/es\/sessio-de-valoracio\/","og_locale":"es_ES","og_type":"article","og_title":"Sesi\u00f3n de valoraci\u00f3n - Centro Mevis","og_description":"Sesi\u00f3n de valoraci\u00f3n gratuita Rellena el formulario que encontrar\u00e1s m\u00e1s abajo y en breve me pondr\u00e9 en contacto contigo para conocernos mejor. Toda la informaci\u00f3n la trataremos con la m\u00e1s estricta confidencialidad. Informaci\u00f3n b\u00e1sica sobre el tratamiento de datos &#8211; Reglamento (UE) 2016\/679 Centromevis informa que los datos de car\u00e1cter personal que nos proporciones rellenando este formulario ser\u00e1n tratados por nuestra empresa como responsable \u00faltima de esta web | La finalidad de la recogida y tratamiento de los datos personales que te solicitamos es enviarte nuestras publicaciones, promociones de productos y\/o servicios y recursos exclusivos | Al marcar la casilla de aceptaci\u00f3n, est\u00e1s dando tu leg\u00edtimo consentimiento para que tus datos sean tratados conforme a las finalidades de este formulario descritas en la pol\u00edtica de privacidad | Como usuario e interesado te informamos que los datos que nos facilitas estar\u00e1n ubicados en los servidores de Estudi 33 (proveedor de email&hellip;  Read more","og_url":"https:\/\/www.centromevis.cat\/es\/sessio-de-valoracio\/","og_site_name":"Centro Mevis","article_publisher":"https:\/\/www.facebook.com\/centromevis\/","article_modified_time":"2021-08-05T10:19:13+00:00","twitter_card":"summary_large_image","twitter_misc":{"Tiempo de lectura":"3 minutos"},"schema":{"@context":"https:\/\/schema.org","@graph":[{"@type":"WebPage","@id":"https:\/\/www.centromevis.cat\/es\/sessio-de-valoracio\/","url":"https:\/\/www.centromevis.cat\/es\/sessio-de-valoracio\/","name":"Sesi\u00f3n de valoraci\u00f3n - Centro Mevis","isPartOf":{"@id":"https:\/\/www.centromevis.cat\/es\/#website"},"datePublished":"2021-06-08T15:47:07+00:00","dateModified":"2021-08-05T10:19:13+00:00","breadcrumb":{"@id":"https:\/\/www.centromevis.cat\/es\/sessio-de-valoracio\/#breadcrumb"},"inLanguage":"es","potentialAction":[{"@type":"ReadAction","target":[["https:\/\/www.centromevis.cat\/es\/sessio-de-valoracio\/"]]}]},{"@type":"BreadcrumbList","@id":"https:\/\/www.centromevis.cat\/es\/sessio-de-valoracio\/#breadcrumb","itemListElement":[{"@type":"ListItem","position":1,"name":"Home","item":"https:\/\/www.centromevis.cat\/es\/"},{"@type":"ListItem","position":2,"name":"Sessi\u00f3 de valoraci\u00f3"}]},{"@type":"WebSite","@id":"https:\/\/www.centromevis.cat\/es\/#website","url":"https:\/\/www.centromevis.cat\/es\/","name":"Centro Mevis","description":"Platja d&#039;Aro","publisher":{"@id":"https:\/\/www.centromevis.cat\/es\/#organization"},"potentialAction":[{"@type":"SearchAction","target":{"@type":"EntryPoint","urlTemplate":"https:\/\/www.centromevis.cat\/es\/?s={search_term_string}"},"query-input":{"@type":"PropertyValueSpecification","valueRequired":true,"valueName":"search_term_string"}}],"inLanguage":"es"},{"@type":"Organization","@id":"https:\/\/www.centromevis.cat\/es\/#organization","name":"CentroMevis","url":"https:\/\/www.centromevis.cat\/es\/","logo":{"@type":"ImageObject","inLanguage":"es","@id":"https:\/\/www.centromevis.cat\/es\/#\/schema\/logo\/image\/","url":"https:\/\/www.centromevis.cat\/wp-content\/uploads\/2018\/01\/Centromevis-LGM-.png","contentUrl":"https:\/\/www.centromevis.cat\/wp-content\/uploads\/2018\/01\/Centromevis-LGM-.png","width":400,"height":69,"caption":"CentroMevis"},"image":{"@id":"https:\/\/www.centromevis.cat\/es\/#\/schema\/logo\/image\/"},"sameAs":["https:\/\/www.facebook.com\/centromevis\/","https:\/\/www.instagram.com\/centromevis\/","https:\/\/www.youtube.com\/channel\/UCoYWLtZB5SfhEb7_i87h2Iw"]}]}},"_links":{"self":[{"href":"https:\/\/www.centromevis.cat\/es\/wp-json\/wp\/v2\/pages\/2345","targetHints":{"allow":["GET"]}}],"collection":[{"href":"https:\/\/www.centromevis.cat\/es\/wp-json\/wp\/v2\/pages"}],"about":[{"href":"https:\/\/www.centromevis.cat\/es\/wp-json\/wp\/v2\/types\/page"}],"author":[{"embeddable":true,"href":"https:\/\/www.centromevis.cat\/es\/wp-json\/wp\/v2\/users\/1"}],"replies":[{"embeddable":true,"href":"https:\/\/www.centromevis.cat\/es\/wp-json\/wp\/v2\/comments?post=2345"}],"version-history":[{"count":0,"href":"https:\/\/www.centromevis.cat\/es\/wp-json\/wp\/v2\/pages\/2345\/revisions"}],"wp:attachment":[{"href":"https:\/\/www.centromevis.cat\/es\/wp-json\/wp\/v2\/media?parent=2345"}],"curies":[{"name":"wp","href":"https:\/\/api.w.org\/{rel}","templated":true}]}}